
{"id":1927,"date":"2018-12-13T10:09:33","date_gmt":"2018-12-13T09:09:33","guid":{"rendered":"http:\/\/hlb-poland.global\/?page_id=1927"},"modified":"2022-10-10T10:05:45","modified_gmt":"2022-10-10T09:05:45","slug":"doradztwo-strategiczne","status":"publish","type":"page","link":"https:\/\/hlb-poland.global\/pl\/uslugi\/doradztwo-strategiczne\/","title":{"rendered":"Doradztwo strategiczne"},"content":{"rendered":"<p>Doradztwo strategiczne obejmuje szerokie spektrum us\u0142ug wspieraj\u0105cych funkcjonowanie przedsi\u0119biorstw oraz podejmowanie decyzji maj\u0105cych na celu d\u0142ugoterminowe budowanie warto\u015bci dla inwestor\u00f3w oraz w\u0142a\u015bcicieli, pocz\u0105wszy od analizy i oceny sytuacji finansowej, poprzez badanie strategii i plan\u00f3w sp\u00f3\u0142ki, jej s\u0142abych i mocnych stron, otoczenia rynkowego, wycen\u0119 jej warto\u015bci, rekomendacj\u0119 dzia\u0142a\u0144 maj\u0105cych na celu rozw\u00f3j i koordynowanie ich implementacji a\u017c do konstruowania gotowych rozwi\u0105za\u0144 w obszarze operacyjno-finansowym i modelowania proces\u00f3w biznesowych. Naszych Klient\u00f3w wspomagamy tak\u017ce w realizacji procesu oceny wykonalno\u015bci plan\u00f3w strategicznych oraz procesu rozwijania plan\u00f3w dzia\u0142alno\u015bci biznesowej.<\/p>\n","protected":false},"excerpt":{"rendered":"<p>Doradztwo strategiczne obejmuje szerokie spektrum us\u0142ug wspieraj\u0105cych funkcjonowanie przedsi\u0119biorstw oraz podejmowanie decyzji maj\u0105cych na celu d\u0142ugoterminowe budowanie warto\u015bci dla inwestor\u00f3w..<\/p>\n<div class=\"clear\"><\/div><a class=\"more-link\" href=\"https:\/\/hlb-poland.global\/pl\/uslugi\/doradztwo-strategiczne\/\"> Dowiedz si\u0119 wi\u0119cej <\/a>","protected":false},"author":3,"featured_media":0,"parent":1847,"menu_order":0,"comment_status":"closed","ping_status":"closed","template":"","meta":{"_acf_changed":false,"footnotes":""},"class_list":["post-1927","page","type-page","status-publish","hentry"],"acf":[],"yoast_head":"<!-- This site is optimized with the Yoast SEO plugin v27.2 - https:\/\/yoast.com\/product\/yoast-seo-wordpress\/ -->\n<title>Doradztwo strategiczne | HLB Poland<\/title>\n<meta name=\"description\" content=\"Pomagamy naszym Klientom rozwi\u0105zywa\u0107 problemy biznesowe poprzez doradztwo w zakresie podnoszenia jako\u015bci zarz\u0105dzania, doskonalenia...\" \/>\n<meta name=\"robots\" content=\"index, follow, max-snippet:-1, max-image-preview:large, max-video-preview:-1\" \/>\n<link rel=\"canonical\" href=\"https:\/\/hlb-poland.global\/pl\/uslugi\/doradztwo-strategiczne\/\" \/>\n<meta property=\"og:locale\" content=\"pl_PL\" \/>\n<meta property=\"og:type\" content=\"article\" \/>\n<meta property=\"og:title\" content=\"Doradztwo strategiczne | HLB Poland\" \/>\n<meta property=\"og:description\" content=\"Pomagamy naszym Klientom rozwi\u0105zywa\u0107 problemy biznesowe poprzez doradztwo w zakresie podnoszenia jako\u015bci zarz\u0105dzania, doskonalenia...\" \/>\n<meta property=\"og:url\" content=\"https:\/\/hlb-poland.global\/pl\/uslugi\/doradztwo-strategiczne\/\" \/>\n<meta property=\"og:site_name\" content=\"HLB Poland\" \/>\n<meta property=\"article:publisher\" content=\"https:\/\/www.facebook.com\/HLBPoland\" \/>\n<meta property=\"article:modified_time\" content=\"2022-10-10T09:05:45+00:00\" \/>\n<meta name=\"twitter:card\" content=\"summary_large_image\" \/>\n<meta name=\"twitter:label1\" content=\"Szacowany czas czytania\" \/>\n\t<meta name=\"twitter:data1\" content=\"1 minuta\" \/>\n<script type=\"application\/ld+json\" class=\"yoast-schema-graph\">{\"@context\":\"https:\/\/schema.org\",\"@graph\":[{\"@type\":\"WebPage\",\"@id\":\"https:\/\/hlb-poland.global\/pl\/uslugi\/doradztwo-strategiczne\/\",\"url\":\"https:\/\/hlb-poland.global\/pl\/uslugi\/doradztwo-strategiczne\/\",\"name\":\"Doradztwo strategiczne | HLB Poland\",\"isPartOf\":{\"@id\":\"https:\/\/hlb-poland.global\/#website\"},\"datePublished\":\"2018-12-13T09:09:33+00:00\",\"dateModified\":\"2022-10-10T09:05:45+00:00\",\"description\":\"Pomagamy naszym Klientom rozwi\u0105zywa\u0107 problemy biznesowe poprzez doradztwo w zakresie podnoszenia jako\u015bci zarz\u0105dzania, doskonalenia...\",\"breadcrumb\":{\"@id\":\"https:\/\/hlb-poland.global\/pl\/uslugi\/doradztwo-strategiczne\/#breadcrumb\"},\"inLanguage\":\"pl-PL\",\"potentialAction\":[{\"@type\":\"ReadAction\",\"target\":[\"https:\/\/hlb-poland.global\/pl\/uslugi\/doradztwo-strategiczne\/\"]}]},{\"@type\":\"BreadcrumbList\",\"@id\":\"https:\/\/hlb-poland.global\/pl\/uslugi\/doradztwo-strategiczne\/#breadcrumb\",\"itemListElement\":[{\"@type\":\"ListItem\",\"position\":1,\"name\":\"Strona g\u0142\u00f3wna\",\"item\":\"https:\/\/hlb-poland.global\/pl\/\"},{\"@type\":\"ListItem\",\"position\":2,\"name\":\"Us\u0142ugi \u015bwiadczone przez HLB Poland\",\"item\":\"https:\/\/hlb-poland.global\/pl\/uslugi\/\"},{\"@type\":\"ListItem\",\"position\":3,\"name\":\"Doradztwo strategiczne\"}]},{\"@type\":\"WebSite\",\"@id\":\"https:\/\/hlb-poland.global\/#website\",\"url\":\"https:\/\/hlb-poland.global\/\",\"name\":\"HLB Poland\",\"description\":\"Advisory and accounting\",\"publisher\":{\"@id\":\"https:\/\/hlb-poland.global\/#organization\"},\"potentialAction\":[{\"@type\":\"SearchAction\",\"target\":{\"@type\":\"EntryPoint\",\"urlTemplate\":\"https:\/\/hlb-poland.global\/?s={search_term_string}\"},\"query-input\":{\"@type\":\"PropertyValueSpecification\",\"valueRequired\":true,\"valueName\":\"search_term_string\"}}],\"inLanguage\":\"pl-PL\"},{\"@type\":\"Organization\",\"@id\":\"https:\/\/hlb-poland.global\/#organization\",\"name\":\"HLB Poland\",\"url\":\"https:\/\/hlb-poland.global\/\",\"logo\":{\"@type\":\"ImageObject\",\"inLanguage\":\"pl-PL\",\"@id\":\"https:\/\/hlb-poland.global\/#\/schema\/logo\/image\/\",\"url\":\"https:\/\/hlb-poland.global\/wp-content\/uploads\/2025\/12\/hlb-poland-og-image.png\",\"contentUrl\":\"https:\/\/hlb-poland.global\/wp-content\/uploads\/2025\/12\/hlb-poland-og-image.png\",\"width\":1200,\"height\":630,\"caption\":\"HLB Poland\"},\"image\":{\"@id\":\"https:\/\/hlb-poland.global\/#\/schema\/logo\/image\/\"},\"sameAs\":[\"https:\/\/www.facebook.com\/HLBPoland\",\"https:\/\/www.linkedin.com\/company\/hlb-poland\"]}]}<\/script>\n<!-- \/ Yoast SEO plugin. -->","yoast_head_json":{"title":"Doradztwo strategiczne | HLB Poland","description":"Pomagamy naszym Klientom rozwi\u0105zywa\u0107 problemy biznesowe poprzez doradztwo w zakresie podnoszenia jako\u015bci zarz\u0105dzania, doskonalenia...","robots":{"index":"index","follow":"follow","max-snippet":"max-snippet:-1","max-image-preview":"max-image-preview:large","max-video-preview":"max-video-preview:-1"},"canonical":"https:\/\/hlb-poland.global\/pl\/uslugi\/doradztwo-strategiczne\/","og_locale":"pl_PL","og_type":"article","og_title":"Doradztwo strategiczne | HLB Poland","og_description":"Pomagamy naszym Klientom rozwi\u0105zywa\u0107 problemy biznesowe poprzez doradztwo w zakresie podnoszenia jako\u015bci zarz\u0105dzania, doskonalenia...","og_url":"https:\/\/hlb-poland.global\/pl\/uslugi\/doradztwo-strategiczne\/","og_site_name":"HLB Poland","article_publisher":"https:\/\/www.facebook.com\/HLBPoland","article_modified_time":"2022-10-10T09:05:45+00:00","twitter_card":"summary_large_image","twitter_misc":{"Szacowany czas czytania":"1 minuta"},"schema":{"@context":"https:\/\/schema.org","@graph":[{"@type":"WebPage","@id":"https:\/\/hlb-poland.global\/pl\/uslugi\/doradztwo-strategiczne\/","url":"https:\/\/hlb-poland.global\/pl\/uslugi\/doradztwo-strategiczne\/","name":"Doradztwo strategiczne | HLB Poland","isPartOf":{"@id":"https:\/\/hlb-poland.global\/#website"},"datePublished":"2018-12-13T09:09:33+00:00","dateModified":"2022-10-10T09:05:45+00:00","description":"Pomagamy naszym Klientom rozwi\u0105zywa\u0107 problemy biznesowe poprzez doradztwo w zakresie podnoszenia jako\u015bci zarz\u0105dzania, doskonalenia...","breadcrumb":{"@id":"https:\/\/hlb-poland.global\/pl\/uslugi\/doradztwo-strategiczne\/#breadcrumb"},"inLanguage":"pl-PL","potentialAction":[{"@type":"ReadAction","target":["https:\/\/hlb-poland.global\/pl\/uslugi\/doradztwo-strategiczne\/"]}]},{"@type":"BreadcrumbList","@id":"https:\/\/hlb-poland.global\/pl\/uslugi\/doradztwo-strategiczne\/#breadcrumb","itemListElement":[{"@type":"ListItem","position":1,"name":"Strona g\u0142\u00f3wna","item":"https:\/\/hlb-poland.global\/pl\/"},{"@type":"ListItem","position":2,"name":"Us\u0142ugi \u015bwiadczone przez HLB Poland","item":"https:\/\/hlb-poland.global\/pl\/uslugi\/"},{"@type":"ListItem","position":3,"name":"Doradztwo strategiczne"}]},{"@type":"WebSite","@id":"https:\/\/hlb-poland.global\/#website","url":"https:\/\/hlb-poland.global\/","name":"HLB Poland","description":"Advisory and accounting","publisher":{"@id":"https:\/\/hlb-poland.global\/#organization"},"potentialAction":[{"@type":"SearchAction","target":{"@type":"EntryPoint","urlTemplate":"https:\/\/hlb-poland.global\/?s={search_term_string}"},"query-input":{"@type":"PropertyValueSpecification","valueRequired":true,"valueName":"search_term_string"}}],"inLanguage":"pl-PL"},{"@type":"Organization","@id":"https:\/\/hlb-poland.global\/#organization","name":"HLB Poland","url":"https:\/\/hlb-poland.global\/","logo":{"@type":"ImageObject","inLanguage":"pl-PL","@id":"https:\/\/hlb-poland.global\/#\/schema\/logo\/image\/","url":"https:\/\/hlb-poland.global\/wp-content\/uploads\/2025\/12\/hlb-poland-og-image.png","contentUrl":"https:\/\/hlb-poland.global\/wp-content\/uploads\/2025\/12\/hlb-poland-og-image.png","width":1200,"height":630,"caption":"HLB Poland"},"image":{"@id":"https:\/\/hlb-poland.global\/#\/schema\/logo\/image\/"},"sameAs":["https:\/\/www.facebook.com\/HLBPoland","https:\/\/www.linkedin.com\/company\/hlb-poland"]}]}},"_links":{"self":[{"href":"https:\/\/hlb-poland.global\/pl\/wp-json\/wp\/v2\/pages\/1927","targetHints":{"allow":["GET"]}}],"collection":[{"href":"https:\/\/hlb-poland.global\/pl\/wp-json\/wp\/v2\/pages"}],"about":[{"href":"https:\/\/hlb-poland.global\/pl\/wp-json\/wp\/v2\/types\/page"}],"author":[{"embeddable":true,"href":"https:\/\/hlb-poland.global\/pl\/wp-json\/wp\/v2\/users\/3"}],"replies":[{"embeddable":true,"href":"https:\/\/hlb-poland.global\/pl\/wp-json\/wp\/v2\/comments?post=1927"}],"version-history":[{"count":3,"href":"https:\/\/hlb-poland.global\/pl\/wp-json\/wp\/v2\/pages\/1927\/revisions"}],"predecessor-version":[{"id":11029,"href":"https:\/\/hlb-poland.global\/pl\/wp-json\/wp\/v2\/pages\/1927\/revisions\/11029"}],"up":[{"embeddable":true,"href":"https:\/\/hlb-poland.global\/pl\/wp-json\/wp\/v2\/pages\/1847"}],"wp:attachment":[{"href":"https:\/\/hlb-poland.global\/pl\/wp-json\/wp\/v2\/media?parent=1927"}],"curies":[{"name":"wp","href":"https:\/\/api.w.org\/{rel}","templated":true}]}}