
{"id":1929,"date":"2018-12-13T10:41:55","date_gmt":"2018-12-13T09:41:55","guid":{"rendered":"http:\/\/hlb-poland.global\/?page_id=1929"},"modified":"2022-09-26T10:35:08","modified_gmt":"2022-09-26T09:35:08","slug":"doradztwo-transakcyjne","status":"publish","type":"page","link":"https:\/\/hlb-poland.global\/pl\/uslugi\/doradztwo-transakcyjne\/","title":{"rendered":"Doradztwo transakcyjne"},"content":{"rendered":"<h3>Fuzje i przej\u0119cia<\/h3>\n<p>Fuzje i przej\u0119cia to przedsi\u0119wzi\u0119cia gospodarcze, kt\u00f3re mog\u0105 doprowadzi\u0107 do znacz\u0105cego wzrostu potencja\u0142u firmy i efektywno\u015bci gospodarowania, jak r\u00f3wnie\u017c spowodowa\u0107 istotn\u0105 utrat\u0119 warto\u015bci podmiotu. Pomagamy sprawnie zrealizowa\u0107 g\u0142\u00f3wne etapy w procesie fuzji i przej\u0119\u0107 : planowanie i zabezpieczenie transakcji od strony finansowo-prawnej, realizacj\u0119 postanowie\u0144 umownych w zakresie transakcji kupna-sprzeda\u017cy firm (wydanie aktyw\u00f3w, zap\u0142ata), proces integracji po dokonaniu transakcji (inwentaryzacja zasob\u00f3w, formu\u0142owanie\/modyfikacja cel\u00f3w, dzia\u0142ania integracyjne) oraz monitorowanie efekt\u00f3w. Nasz\u0105 ofert\u0119 w ramach doradztwa transakcyjnego kierujemy zar\u00f3wno do strony kupuj\u0105cej jak i sprzedaj\u0105cej.<\/p>\n<p><span style=\"font-weight: bold;\">Transakcje kupna<\/span><\/p>\n<p>Nasze prace mog\u0105 dotyczy\u0107 zar\u00f3wno transakcji nabycia akcji\/udzia\u0142\u00f3w sp\u00f3\u0142ki, jak i aktyw\u00f3w (lub grupy aktyw\u00f3w) lub te\u017c wydzielonej cz\u0119\u015bci przedsi\u0119biorstwa. Nasze us\u0142ugi nastawione s\u0105 przede wszystkim na kreowanie warto\u015bci dodanej z transakcji i obejmuj\u0105 m.in.:<\/p>\n<p><span style=\"font-weight: bold;\">Wst\u0119pna analiza przedinwestycyjna \/ wst\u0119pna ocena op\u0142acalno\u015bci inwestycji<\/span><\/p>\n<p>Podstawowy zakres us\u0142ug \u015bwiadczonych dla potencjalnych inwestor\u00f3w w ramach wst\u0119pnej analizy przejmowanego podmiotu mo\u017ce obejmowa\u0107:<\/p>\n<ul>\n<li>analiz\u0119 publicznie dost\u0119pnych informacji dotycz\u0105cych jednostki wytypowanej do przej\u0119cia (struktura, zasoby i procesy wewn\u0119trzne, informacje finansowe) oraz jej rynku (otoczenie bli\u017csze &#8211; konkurencja, dostawcy, odbiorcy) i ogranicze\u0144 dzia\u0142ania (otoczenie dalsze &#8211; regulacje prawne, sytuacja gospodarcza);<\/li>\n<li>identyfikacj\u0119 kluczowych ryzyk i potencjalnych przeszk\u00f3d w realizacji transakcji;<\/li>\n<li>przedwst\u0119pn\u0105 ocen\u0119 op\u0142acalno\u015bci przedsi\u0119wzi\u0119cia (analizy dochodowo\u015bci).<\/li>\n<\/ul>\n<p><span style=\"font-weight: bold;\">Parametryzacja transakcji \/ opracowanie harmonogramu i struktury transakcji<\/span><\/p>\n<p>We wsp\u00f3\u0142pracy ze specjalistami z innych dziedzin (doradcami prawnymi i podatkowymi) przygotowujemy zintegrowany plan transakcji oraz zestawienie dokument\u00f3w finansowo-ksi\u0119gowych, podatkowych i prawnych niezb\u0119dnych do zrealizowania zaplanowanej struktury i harmonogramu transakcji. Jednocze\u015bnie przy tego rodzaju projektach doradzamy inwestorom w zakresie:<\/p>\n<ul>\n<li>identyfikacji potencjalnych niekorzystnych warunk\u00f3w, kt\u00f3re mog\u0105 skutkowa\u0107 zerwaniem negocjacji;<\/li>\n<li>oceny przep\u0142yw\u00f3w pieni\u0119\u017cnych oraz mo\u017cliwo\u015bci transferu funduszy zgodnie z przyj\u0119tymi za\u0142o\u017ceniami rynkowymi (np. przez wyp\u0142at\u0119 dywidendy lub po\u017cyczki);<\/li>\n<li>opracowania planu rzeczowo-finansowego, kt\u00f3ry b\u0119dzie podstaw\u0105 do pozyskania przez inwestora finansowania dla planowanej transakcji.<\/li>\n<\/ul>\n<p><span style=\"font-weight: bold;\">Wsparcie w negocjacjach<\/span><\/p>\n<p>S\u0142u\u017cymy Pa\u0144stwu pomoc\u0105 w procesie uzgadniania szczeg\u00f3\u0142owych warunk\u00f3w umowy inwestycyjnej oraz w aspekt\u00f3w finansowo-prawnych realizowanej transakcji.<\/p>\n<p><span style=\"font-weight: bold;\">Rozliczenie transakcji i integracja transakcji<\/span><\/p>\n<p>Pomagamy naszym klientom w procesie rozliczenia nabycia oraz integrowania po\u0142\u0105czonych przedsi\u0119biorstw w zakresie analizy wsp\u00f3lnych zasob\u00f3w, formu\u0142owania wsp\u00f3lnych cel\u00f3w i modelu wsp\u00f3lnego dzia\u0142ania.<\/p>\n<hr \/>\n<h3>Transakcje sprzeda\u017cy<\/h3>\n<p><span style=\"font-weight: bold;\">Wst\u0119pna ocena op\u0142acalno\u015bci transakcji \/ Wst\u0119pna analiza transakcji sprzeda\u017cy<\/span><\/p>\n<p>Na pocz\u0105tkowym etapie procesu sprzeda\u017cy przygotowujemy raport dla u\u017cytku wewn\u0119trznego strony sprzedaj\u0105cej, kt\u00f3ry zawiera niezale\u017cn\u0105 analiz\u0119 dzia\u0142alno\u015bci podmiotu potencjalnie przeznaczonego na sprzeda\u017c. Nasze us\u0142ugi w tym zakresie dotycz\u0105 wsparcia dla strony sprzedaj\u0105cej w celu identyfikacji ryzyk finansowych, podatkowych, operacyjnych oraz rynkowych, jak r\u00f3wnie\u017c potencjalnych korzy\u015bci i przewag, kt\u00f3re mog\u0105 by\u0107 istotne z punktu widzenia warto\u015bci przedsi\u0119biorstwa.<\/p>\n<p><span style=\"font-weight: bold;\">Planowanie procesu sprzeda\u017cy<\/span><\/p>\n<p>We wsp\u00f3\u0142pracy ze specjalistami z innych dziedzin (doradcami prawnymi i podatkowymi) przygotowujemy zintegrowany plan transakcji oraz zestawienie dokument\u00f3w finansowo-ksi\u0119gowych, podatkowych i prawnych niezb\u0119dnych do wdro\u017cenia zaplanowanej struktury i harmonogramu transakcji.<\/p>\n<p><span style=\"font-weight: bold;\">Memorandum informacyjne<\/span><\/p>\n<p>Stronie sprzedaj\u0105cej s\u0142u\u017cymy r\u00f3wnie\u017c pomoc\u0105 w zakresie opracowania memorandum informacyjne, s\u0142u\u017c\u0105cego przede wszystkim pozyskaniu finansowania.<\/p>\n<p><span style=\"font-weight: bold;\">Strukturyzowanie transakcji\/opracowanie struktury transakcji<\/span><\/p>\n<p>We wsp\u00f3\u0142pracy ze specjalistami z innych dziedzin (doradcami prawnymi i podatkowymi) przygotowujemy zintegrowany plan transakcji oraz zestawienie dokument\u00f3w finansowo-ksi\u0119gowych, podatkowych i prawnych niezb\u0119dnych do zrealizowania zaplanowanej struktury i harmonogramu transakcji.<\/p>\n<p><span style=\"font-weight: bold;\">Wsparcie w negocjacjach<\/span><\/p>\n<p>Nasze us\u0142ugi w zakresie Vendor assistance umo\u017cliwiaj\u0105:<\/p>\n<ul>\n<li>\u015bcis\u0142y nadz\u00f3r nad procesem sprzeda\u017cy;<\/li>\n<li>ograniczenie do minimum ingerencji potencjalnych inwestor\u00f3w w dzia\u0142alno\u015b\u0107 podmiotu b\u0119d\u0105cego przedmiotem transakcji;<\/li>\n<li>utrzymanie przebiegu transakcji w okre\u015blonych ramach czasowych.<\/li>\n<\/ul>\n<p><span style=\"font-weight: bold;\">Doradztwo przy umowach zbycia akcji\/udzia\u0142\u00f3w oraz przy zamkni\u0119ciu transakcji<\/span><\/p>\n<p>W ramach doradztwa przy umowach zbycia akcji\/udzia\u0142\u00f3w skupiamy si\u0119 na aspektach finansowych ksi\u0119gowych i podatkowych, w tym tak\u017ce na odpowiednim odzwierciedleniu w tej umowie ryzyk zidentyfikowanych podczas procesu due diligence. Nasze prace w tym zakresie mog\u0105 dotyczy\u0107 mi\u0119dzy innymi:<\/p>\n<ul>\n<li>struktury mechanizmu korekty ceny;<\/li>\n<li>gwarancji i zapewnie\u0144 ksi\u0119gowych i podatkowych;<\/li>\n<li>przysz\u0142ych plan\u00f3w nabywania akcji\/udzia\u0142\u00f3w lub wyj\u015bcia z inwestycji;<\/li>\n<li>ksi\u0119gowych zasad sporz\u0105dzenia sprawozdania zamkni\u0119cia transakcji;<\/li>\n<li>mechanizmu zamkni\u0119cia transakcji;<\/li>\n<li>doradztwa w zakresie ustalenia normalnego poziomu kapita\u0142u pracuj\u0105cego;<\/li>\n<li>definicji g\u0142\u00f3wnych termin\u00f3w finansowych (w tym m.in. zad\u0142u\u017cenia netto, normalnego poziomu kapita\u0142u pracuj\u0105cego, mar\u017cy EBITDA);<\/li>\n<li>kwestii dotycz\u0105cych mechanizmu wyp\u0142aty zysk\u00f3w.<\/li>\n<\/ul>\n<p>Nasze wsparcie dla strony sprzedaj\u0105cej w procesie zamkni\u0119cia transakcji dotyczy m.in. nast\u0119puj\u0105cych obszar\u00f3w:<\/p>\n<ul>\n<li>doradztwa w zakresie ksi\u0119gowych procedur zamkni\u0119cia transakcji;<\/li>\n<li>wsparcia w przygotowaniu sprawozdania zamkni\u0119cia transakcji;<\/li>\n<li>weryfikacji sprawozdania zamkni\u0119cia transakcji (przygotowanego przez sp\u00f3\u0142k\u0119 nabywan\u0105, stron\u0119 sprzedaj\u0105c\u0105 lub stron\u0119 kupuj\u0105c\u0105) w celu ustalenia poziomu korekty ceny zgodnie z postanowieniami umowy nabycia akcji\/udzia\u0142\u00f3w.<\/li>\n<\/ul>\n","protected":false},"excerpt":{"rendered":"<p>Fuzje i przej\u0119cia Fuzje i przej\u0119cia to przedsi\u0119wzi\u0119cia gospodarcze, kt\u00f3re mog\u0105 doprowadzi\u0107 do znacz\u0105cego wzrostu potencja\u0142u firmy i efektywno\u015bci gospodarowania,..<\/p>\n<div class=\"clear\"><\/div><a class=\"more-link\" href=\"https:\/\/hlb-poland.global\/pl\/uslugi\/doradztwo-transakcyjne\/\"> Dowiedz si\u0119 wi\u0119cej <\/a>","protected":false},"author":3,"featured_media":0,"parent":1847,"menu_order":0,"comment_status":"closed","ping_status":"closed","template":"","meta":{"_acf_changed":false,"footnotes":""},"class_list":["post-1929","page","type-page","status-publish","hentry"],"acf":[],"yoast_head":"<!-- This site is optimized with the Yoast SEO plugin v27.2 - https:\/\/yoast.com\/product\/yoast-seo-wordpress\/ -->\n<title>Doradztwo transakcyjne | HLB Poland<\/title>\n<meta name=\"description\" content=\"Doradztwo transakcyjne obejmuje kompleksowe wsparcia w ramach operacji zwi\u0105zanych z fuzjami i przej\u0119ciami, w tym przeprowadzanie due...\" \/>\n<meta name=\"robots\" content=\"index, follow, max-snippet:-1, max-image-preview:large, max-video-preview:-1\" \/>\n<link rel=\"canonical\" href=\"https:\/\/hlb-poland.global\/pl\/uslugi\/doradztwo-transakcyjne\/\" \/>\n<meta property=\"og:locale\" content=\"pl_PL\" \/>\n<meta property=\"og:type\" content=\"article\" \/>\n<meta property=\"og:title\" content=\"Doradztwo transakcyjne | HLB Poland\" \/>\n<meta property=\"og:description\" content=\"Doradztwo transakcyjne obejmuje kompleksowe wsparcia w ramach operacji zwi\u0105zanych z fuzjami i przej\u0119ciami, w tym przeprowadzanie due...\" \/>\n<meta property=\"og:url\" content=\"https:\/\/hlb-poland.global\/pl\/uslugi\/doradztwo-transakcyjne\/\" \/>\n<meta property=\"og:site_name\" content=\"HLB Poland\" \/>\n<meta property=\"article:publisher\" content=\"https:\/\/www.facebook.com\/HLBPoland\" \/>\n<meta property=\"article:modified_time\" content=\"2022-09-26T09:35:08+00:00\" \/>\n<meta name=\"twitter:card\" content=\"summary_large_image\" \/>\n<meta name=\"twitter:label1\" content=\"Szacowany czas czytania\" \/>\n\t<meta name=\"twitter:data1\" content=\"4 minuty\" \/>\n<script type=\"application\/ld+json\" class=\"yoast-schema-graph\">{\"@context\":\"https:\/\/schema.org\",\"@graph\":[{\"@type\":\"WebPage\",\"@id\":\"https:\/\/hlb-poland.global\/pl\/uslugi\/doradztwo-transakcyjne\/\",\"url\":\"https:\/\/hlb-poland.global\/pl\/uslugi\/doradztwo-transakcyjne\/\",\"name\":\"Doradztwo transakcyjne | HLB Poland\",\"isPartOf\":{\"@id\":\"https:\/\/hlb-poland.global\/#website\"},\"datePublished\":\"2018-12-13T09:41:55+00:00\",\"dateModified\":\"2022-09-26T09:35:08+00:00\",\"description\":\"Doradztwo transakcyjne obejmuje kompleksowe wsparcia w ramach operacji zwi\u0105zanych z fuzjami i przej\u0119ciami, w tym przeprowadzanie due...\",\"breadcrumb\":{\"@id\":\"https:\/\/hlb-poland.global\/pl\/uslugi\/doradztwo-transakcyjne\/#breadcrumb\"},\"inLanguage\":\"pl-PL\",\"potentialAction\":[{\"@type\":\"ReadAction\",\"target\":[\"https:\/\/hlb-poland.global\/pl\/uslugi\/doradztwo-transakcyjne\/\"]}]},{\"@type\":\"BreadcrumbList\",\"@id\":\"https:\/\/hlb-poland.global\/pl\/uslugi\/doradztwo-transakcyjne\/#breadcrumb\",\"itemListElement\":[{\"@type\":\"ListItem\",\"position\":1,\"name\":\"Strona g\u0142\u00f3wna\",\"item\":\"https:\/\/hlb-poland.global\/pl\/\"},{\"@type\":\"ListItem\",\"position\":2,\"name\":\"Us\u0142ugi \u015bwiadczone przez HLB Poland\",\"item\":\"https:\/\/hlb-poland.global\/pl\/uslugi\/\"},{\"@type\":\"ListItem\",\"position\":3,\"name\":\"Doradztwo transakcyjne\"}]},{\"@type\":\"WebSite\",\"@id\":\"https:\/\/hlb-poland.global\/#website\",\"url\":\"https:\/\/hlb-poland.global\/\",\"name\":\"HLB Poland\",\"description\":\"Advisory and accounting\",\"publisher\":{\"@id\":\"https:\/\/hlb-poland.global\/#organization\"},\"potentialAction\":[{\"@type\":\"SearchAction\",\"target\":{\"@type\":\"EntryPoint\",\"urlTemplate\":\"https:\/\/hlb-poland.global\/?s={search_term_string}\"},\"query-input\":{\"@type\":\"PropertyValueSpecification\",\"valueRequired\":true,\"valueName\":\"search_term_string\"}}],\"inLanguage\":\"pl-PL\"},{\"@type\":\"Organization\",\"@id\":\"https:\/\/hlb-poland.global\/#organization\",\"name\":\"HLB Poland\",\"url\":\"https:\/\/hlb-poland.global\/\",\"logo\":{\"@type\":\"ImageObject\",\"inLanguage\":\"pl-PL\",\"@id\":\"https:\/\/hlb-poland.global\/#\/schema\/logo\/image\/\",\"url\":\"https:\/\/hlb-poland.global\/wp-content\/uploads\/2025\/12\/hlb-poland-og-image.png\",\"contentUrl\":\"https:\/\/hlb-poland.global\/wp-content\/uploads\/2025\/12\/hlb-poland-og-image.png\",\"width\":1200,\"height\":630,\"caption\":\"HLB Poland\"},\"image\":{\"@id\":\"https:\/\/hlb-poland.global\/#\/schema\/logo\/image\/\"},\"sameAs\":[\"https:\/\/www.facebook.com\/HLBPoland\",\"https:\/\/www.linkedin.com\/company\/hlb-poland\"]}]}<\/script>\n<!-- \/ Yoast SEO plugin. -->","yoast_head_json":{"title":"Doradztwo transakcyjne | HLB Poland","description":"Doradztwo transakcyjne obejmuje kompleksowe wsparcia w ramach operacji zwi\u0105zanych z fuzjami i przej\u0119ciami, w tym przeprowadzanie due...","robots":{"index":"index","follow":"follow","max-snippet":"max-snippet:-1","max-image-preview":"max-image-preview:large","max-video-preview":"max-video-preview:-1"},"canonical":"https:\/\/hlb-poland.global\/pl\/uslugi\/doradztwo-transakcyjne\/","og_locale":"pl_PL","og_type":"article","og_title":"Doradztwo transakcyjne | HLB Poland","og_description":"Doradztwo transakcyjne obejmuje kompleksowe wsparcia w ramach operacji zwi\u0105zanych z fuzjami i przej\u0119ciami, w tym przeprowadzanie due...","og_url":"https:\/\/hlb-poland.global\/pl\/uslugi\/doradztwo-transakcyjne\/","og_site_name":"HLB Poland","article_publisher":"https:\/\/www.facebook.com\/HLBPoland","article_modified_time":"2022-09-26T09:35:08+00:00","twitter_card":"summary_large_image","twitter_misc":{"Szacowany czas czytania":"4 minuty"},"schema":{"@context":"https:\/\/schema.org","@graph":[{"@type":"WebPage","@id":"https:\/\/hlb-poland.global\/pl\/uslugi\/doradztwo-transakcyjne\/","url":"https:\/\/hlb-poland.global\/pl\/uslugi\/doradztwo-transakcyjne\/","name":"Doradztwo transakcyjne | HLB Poland","isPartOf":{"@id":"https:\/\/hlb-poland.global\/#website"},"datePublished":"2018-12-13T09:41:55+00:00","dateModified":"2022-09-26T09:35:08+00:00","description":"Doradztwo transakcyjne obejmuje kompleksowe wsparcia w ramach operacji zwi\u0105zanych z fuzjami i przej\u0119ciami, w tym przeprowadzanie due...","breadcrumb":{"@id":"https:\/\/hlb-poland.global\/pl\/uslugi\/doradztwo-transakcyjne\/#breadcrumb"},"inLanguage":"pl-PL","potentialAction":[{"@type":"ReadAction","target":["https:\/\/hlb-poland.global\/pl\/uslugi\/doradztwo-transakcyjne\/"]}]},{"@type":"BreadcrumbList","@id":"https:\/\/hlb-poland.global\/pl\/uslugi\/doradztwo-transakcyjne\/#breadcrumb","itemListElement":[{"@type":"ListItem","position":1,"name":"Strona g\u0142\u00f3wna","item":"https:\/\/hlb-poland.global\/pl\/"},{"@type":"ListItem","position":2,"name":"Us\u0142ugi \u015bwiadczone przez HLB Poland","item":"https:\/\/hlb-poland.global\/pl\/uslugi\/"},{"@type":"ListItem","position":3,"name":"Doradztwo transakcyjne"}]},{"@type":"WebSite","@id":"https:\/\/hlb-poland.global\/#website","url":"https:\/\/hlb-poland.global\/","name":"HLB Poland","description":"Advisory and accounting","publisher":{"@id":"https:\/\/hlb-poland.global\/#organization"},"potentialAction":[{"@type":"SearchAction","target":{"@type":"EntryPoint","urlTemplate":"https:\/\/hlb-poland.global\/?s={search_term_string}"},"query-input":{"@type":"PropertyValueSpecification","valueRequired":true,"valueName":"search_term_string"}}],"inLanguage":"pl-PL"},{"@type":"Organization","@id":"https:\/\/hlb-poland.global\/#organization","name":"HLB Poland","url":"https:\/\/hlb-poland.global\/","logo":{"@type":"ImageObject","inLanguage":"pl-PL","@id":"https:\/\/hlb-poland.global\/#\/schema\/logo\/image\/","url":"https:\/\/hlb-poland.global\/wp-content\/uploads\/2025\/12\/hlb-poland-og-image.png","contentUrl":"https:\/\/hlb-poland.global\/wp-content\/uploads\/2025\/12\/hlb-poland-og-image.png","width":1200,"height":630,"caption":"HLB Poland"},"image":{"@id":"https:\/\/hlb-poland.global\/#\/schema\/logo\/image\/"},"sameAs":["https:\/\/www.facebook.com\/HLBPoland","https:\/\/www.linkedin.com\/company\/hlb-poland"]}]}},"_links":{"self":[{"href":"https:\/\/hlb-poland.global\/pl\/wp-json\/wp\/v2\/pages\/1929","targetHints":{"allow":["GET"]}}],"collection":[{"href":"https:\/\/hlb-poland.global\/pl\/wp-json\/wp\/v2\/pages"}],"about":[{"href":"https:\/\/hlb-poland.global\/pl\/wp-json\/wp\/v2\/types\/page"}],"author":[{"embeddable":true,"href":"https:\/\/hlb-poland.global\/pl\/wp-json\/wp\/v2\/users\/3"}],"replies":[{"embeddable":true,"href":"https:\/\/hlb-poland.global\/pl\/wp-json\/wp\/v2\/comments?post=1929"}],"version-history":[{"count":6,"href":"https:\/\/hlb-poland.global\/pl\/wp-json\/wp\/v2\/pages\/1929\/revisions"}],"predecessor-version":[{"id":10632,"href":"https:\/\/hlb-poland.global\/pl\/wp-json\/wp\/v2\/pages\/1929\/revisions\/10632"}],"up":[{"embeddable":true,"href":"https:\/\/hlb-poland.global\/pl\/wp-json\/wp\/v2\/pages\/1847"}],"wp:attachment":[{"href":"https:\/\/hlb-poland.global\/pl\/wp-json\/wp\/v2\/media?parent=1929"}],"curies":[{"name":"wp","href":"https:\/\/api.w.org\/{rel}","templated":true}]}}