
{"id":1934,"date":"2018-12-13T10:47:59","date_gmt":"2018-12-13T09:47:59","guid":{"rendered":"http:\/\/hlb-poland.global\/?page_id=1934"},"modified":"2022-10-10T10:37:02","modified_gmt":"2022-10-10T09:37:02","slug":"uslugi-prawne","status":"publish","type":"page","link":"https:\/\/hlb-poland.global\/pl\/uslugi\/uslugi-prawne\/","title":{"rendered":"Us\u0142ugi prawne \u015bwiadczone przez firmy partnerskie"},"content":{"rendered":"<h3>Podej\u015bcie HLB Poland<\/h3>\n<p>\u015awiadcz\u0105c zintegrowane doradztwo prawne w ramach z\u0142o\u017conych projekt\u00f3w obejmuj\u0105cych wiedz\u0119 dodatkow\u0105 z innych obszar\u00f3w naszej sieci, oferujemy opcje multidyscyplinarne, aby pom\u00f3c rozwi\u0105za\u0107 niekt\u00f3re z najtrudniejszych problem\u00f3w biznesowych. Pracuj\u0105c u boku czo\u0142owych ekspert\u00f3w z sieci kompetencji <span style=\"font-weight: bold;\">HLB Poland<\/span> w obszarach podatk\u00f3w, transakcji i doradztwa, nasi prawnicy maj\u0105 szerokie do\u015bwiadczenie wykraczaj\u0105ce poza czysto teoretyczn\u0105 znajomo\u015b\u0107 prawa.<\/p>\n<p><span style=\"font-weight: bold;\">HLB Poland<\/span> reprezentuje nast\u0119puj\u0105ce bran\u017ce: produkcyjn\u0105, us\u0142ug profesjonalnych, przedsi\u0119biorstw handlowych, franczyzow\u0105, logistyczn\u0105, motoryzacyjn\u0105, budowlan\u0105, energii ekologicznej, funduszy inwestycyjnych, a tak\u017ce nieruchomo\u015bci i technologiczn\u0105.<\/p>\n<p>Uwa\u017camy, \u017ce nasi klienci zas\u0142uguj\u0105 na najlepsze dost\u0119pne us\u0142ugi i taki jest nasz cel. Us\u0142ugi <span style=\"font-weight: bold;\">HLB Poland<\/span> w tym zakresie s\u0105 szybkie i elastyczne, a jednocze\u015bnie daj\u0105 naszym klientom pewno\u015b\u0107, \u017ce otrzymuj\u0105 niezb\u0119dne wsparcie prawne w odpowiedniej chwili.<\/p>\n<p>Bez wzgl\u0119du na to, czy klient potrzebuje jasnego wyja\u015bnienia skomplikowanych warunk\u00f3w umowy, og\u00f3lnych handlowych porad prawnych, negocjacji umowy handlowej, doradztwo podczas transakcji biznesowych, czy te\u017c zbadania istniej\u0105cych um\u00f3w i polityk, jeste\u015bmy w stanie pom\u00f3c.<\/p>\n<p>Nasza bardzo wydajna struktura biznesowa i metody pracy oznaczaj\u0105, \u017ce \u2013 dzia\u0142aj\u0105c w charakterze konsultant\u00f3w prawnych i utrzymuj\u0105c koszty na niskim poziomie oraz wykorzystuj\u0105c dost\u0119pne technologie, a tak\u017ce b\u0119d\u0105c odpowiedzialnymi spo\u0142ecznie \u2013 mo\u017cemy zapewni\u0107 naszym klientom znaczne oszcz\u0119dno\u015bci.<\/p>\n<hr \/>\n<h3>Us\u0142ugi prawne HLB Poland<\/h3>\n<p>Nasi prawnicy pracuj\u0105cy dla kancelarii w naszej sieci kompetencji \u015bwiadcz\u0105 us\u0142ugi prawne w nast\u0119puj\u0105cych dziedzinach prawa:<\/p>\n<ul>\n<li>prawo sp\u00f3\u0142ek i prawo handlowe;<\/li>\n<li>prawo pracy i zatrudnienia;<\/li>\n<li>audyt prawny.<\/li>\n<\/ul>\n<p>Dalsze obszary:<\/p>\n<ul>\n<li>prawo transakcyjne;<\/li>\n<li>prawo publiczne;<\/li>\n<li>prawo w\u0142asno\u015bci intelektualnej;<\/li>\n<li>prawo nieruchomo\u015bci;<\/li>\n<li>restrukturyzacje i prawo upad\u0142o\u015bciowe;<\/li>\n<li>przepisy dotycz\u0105ce us\u0142ug finansowych;<\/li>\n<li>prawo sp\u00f3\u0142ek handlowych;<\/li>\n<li>umowy handlowe;<\/li>\n<li>reorganizacja przedsi\u0119biorstw;<\/li>\n<li>doradztwo prawne dla sp\u00f3\u0142ek publicznych;<\/li>\n<li>doradztwo w zakresie \u0142adu korporacyjnego i jego wdra\u017canie.<\/li>\n<\/ul>\n","protected":false},"excerpt":{"rendered":"<p>Podej\u015bcie HLB Poland \u015awiadcz\u0105c zintegrowane doradztwo prawne w ramach z\u0142o\u017conych projekt\u00f3w obejmuj\u0105cych wiedz\u0119 dodatkow\u0105 z innych obszar\u00f3w naszej sieci, oferujemy..<\/p>\n<div class=\"clear\"><\/div><a class=\"more-link\" href=\"https:\/\/hlb-poland.global\/pl\/uslugi\/uslugi-prawne\/\"> Dowiedz si\u0119 wi\u0119cej <\/a>","protected":false},"author":3,"featured_media":0,"parent":1847,"menu_order":0,"comment_status":"closed","ping_status":"closed","template":"","meta":{"_acf_changed":false,"footnotes":""},"class_list":["post-1934","page","type-page","status-publish","hentry"],"acf":[],"yoast_head":"<!-- This site is optimized with the Yoast SEO plugin v27.2 - https:\/\/yoast.com\/product\/yoast-seo-wordpress\/ -->\n<title>Us\u0142ugi prawne \u015bwiadczone przez firmy partnerskie | HLB Poland<\/title>\n<meta name=\"description\" content=\"W \u015brodowisku biznesowym, kt\u00f3re jest coraz bardziej globalne i skomplikowane, chc\u0105 mie\u0107 Pa\u0144stwo pewno\u015b\u0107, \u017ce udzielane porady b\u0119d\u0105 jak...\" \/>\n<meta name=\"robots\" content=\"index, follow, max-snippet:-1, max-image-preview:large, max-video-preview:-1\" \/>\n<link rel=\"canonical\" href=\"https:\/\/hlb-poland.global\/pl\/uslugi\/uslugi-prawne\/\" \/>\n<meta property=\"og:locale\" content=\"pl_PL\" \/>\n<meta property=\"og:type\" content=\"article\" \/>\n<meta property=\"og:title\" content=\"Us\u0142ugi prawne \u015bwiadczone przez firmy partnerskie | HLB Poland\" \/>\n<meta property=\"og:description\" content=\"W \u015brodowisku biznesowym, kt\u00f3re jest coraz bardziej globalne i skomplikowane, chc\u0105 mie\u0107 Pa\u0144stwo pewno\u015b\u0107, \u017ce udzielane porady b\u0119d\u0105 jak...\" \/>\n<meta property=\"og:url\" content=\"https:\/\/hlb-poland.global\/pl\/uslugi\/uslugi-prawne\/\" \/>\n<meta property=\"og:site_name\" content=\"HLB Poland\" \/>\n<meta property=\"article:publisher\" content=\"https:\/\/www.facebook.com\/HLBPoland\" \/>\n<meta property=\"article:modified_time\" content=\"2022-10-10T09:37:02+00:00\" \/>\n<meta name=\"twitter:card\" content=\"summary_large_image\" \/>\n<meta name=\"twitter:label1\" content=\"Szacowany czas czytania\" \/>\n\t<meta name=\"twitter:data1\" content=\"2 minuty\" \/>\n<script type=\"application\/ld+json\" class=\"yoast-schema-graph\">{\"@context\":\"https:\/\/schema.org\",\"@graph\":[{\"@type\":\"WebPage\",\"@id\":\"https:\/\/hlb-poland.global\/pl\/uslugi\/uslugi-prawne\/\",\"url\":\"https:\/\/hlb-poland.global\/pl\/uslugi\/uslugi-prawne\/\",\"name\":\"Us\u0142ugi prawne \u015bwiadczone przez firmy partnerskie | HLB Poland\",\"isPartOf\":{\"@id\":\"https:\/\/hlb-poland.global\/#website\"},\"datePublished\":\"2018-12-13T09:47:59+00:00\",\"dateModified\":\"2022-10-10T09:37:02+00:00\",\"description\":\"W \u015brodowisku biznesowym, kt\u00f3re jest coraz bardziej globalne i skomplikowane, chc\u0105 mie\u0107 Pa\u0144stwo pewno\u015b\u0107, \u017ce udzielane porady b\u0119d\u0105 jak...\",\"breadcrumb\":{\"@id\":\"https:\/\/hlb-poland.global\/pl\/uslugi\/uslugi-prawne\/#breadcrumb\"},\"inLanguage\":\"pl-PL\",\"potentialAction\":[{\"@type\":\"ReadAction\",\"target\":[\"https:\/\/hlb-poland.global\/pl\/uslugi\/uslugi-prawne\/\"]}]},{\"@type\":\"BreadcrumbList\",\"@id\":\"https:\/\/hlb-poland.global\/pl\/uslugi\/uslugi-prawne\/#breadcrumb\",\"itemListElement\":[{\"@type\":\"ListItem\",\"position\":1,\"name\":\"Strona g\u0142\u00f3wna\",\"item\":\"https:\/\/hlb-poland.global\/pl\/\"},{\"@type\":\"ListItem\",\"position\":2,\"name\":\"Us\u0142ugi \u015bwiadczone przez HLB Poland\",\"item\":\"https:\/\/hlb-poland.global\/pl\/uslugi\/\"},{\"@type\":\"ListItem\",\"position\":3,\"name\":\"Us\u0142ugi prawne \u015bwiadczone przez firmy partnerskie\"}]},{\"@type\":\"WebSite\",\"@id\":\"https:\/\/hlb-poland.global\/#website\",\"url\":\"https:\/\/hlb-poland.global\/\",\"name\":\"HLB Poland\",\"description\":\"Advisory and accounting\",\"publisher\":{\"@id\":\"https:\/\/hlb-poland.global\/#organization\"},\"potentialAction\":[{\"@type\":\"SearchAction\",\"target\":{\"@type\":\"EntryPoint\",\"urlTemplate\":\"https:\/\/hlb-poland.global\/?s={search_term_string}\"},\"query-input\":{\"@type\":\"PropertyValueSpecification\",\"valueRequired\":true,\"valueName\":\"search_term_string\"}}],\"inLanguage\":\"pl-PL\"},{\"@type\":\"Organization\",\"@id\":\"https:\/\/hlb-poland.global\/#organization\",\"name\":\"HLB Poland\",\"url\":\"https:\/\/hlb-poland.global\/\",\"logo\":{\"@type\":\"ImageObject\",\"inLanguage\":\"pl-PL\",\"@id\":\"https:\/\/hlb-poland.global\/#\/schema\/logo\/image\/\",\"url\":\"https:\/\/hlb-poland.global\/wp-content\/uploads\/2025\/12\/hlb-poland-og-image.png\",\"contentUrl\":\"https:\/\/hlb-poland.global\/wp-content\/uploads\/2025\/12\/hlb-poland-og-image.png\",\"width\":1200,\"height\":630,\"caption\":\"HLB Poland\"},\"image\":{\"@id\":\"https:\/\/hlb-poland.global\/#\/schema\/logo\/image\/\"},\"sameAs\":[\"https:\/\/www.facebook.com\/HLBPoland\",\"https:\/\/www.linkedin.com\/company\/hlb-poland\"]}]}<\/script>\n<!-- \/ Yoast SEO plugin. -->","yoast_head_json":{"title":"Us\u0142ugi prawne \u015bwiadczone przez firmy partnerskie | HLB Poland","description":"W \u015brodowisku biznesowym, kt\u00f3re jest coraz bardziej globalne i skomplikowane, chc\u0105 mie\u0107 Pa\u0144stwo pewno\u015b\u0107, \u017ce udzielane porady b\u0119d\u0105 jak...","robots":{"index":"index","follow":"follow","max-snippet":"max-snippet:-1","max-image-preview":"max-image-preview:large","max-video-preview":"max-video-preview:-1"},"canonical":"https:\/\/hlb-poland.global\/pl\/uslugi\/uslugi-prawne\/","og_locale":"pl_PL","og_type":"article","og_title":"Us\u0142ugi prawne \u015bwiadczone przez firmy partnerskie | HLB Poland","og_description":"W \u015brodowisku biznesowym, kt\u00f3re jest coraz bardziej globalne i skomplikowane, chc\u0105 mie\u0107 Pa\u0144stwo pewno\u015b\u0107, \u017ce udzielane porady b\u0119d\u0105 jak...","og_url":"https:\/\/hlb-poland.global\/pl\/uslugi\/uslugi-prawne\/","og_site_name":"HLB Poland","article_publisher":"https:\/\/www.facebook.com\/HLBPoland","article_modified_time":"2022-10-10T09:37:02+00:00","twitter_card":"summary_large_image","twitter_misc":{"Szacowany czas czytania":"2 minuty"},"schema":{"@context":"https:\/\/schema.org","@graph":[{"@type":"WebPage","@id":"https:\/\/hlb-poland.global\/pl\/uslugi\/uslugi-prawne\/","url":"https:\/\/hlb-poland.global\/pl\/uslugi\/uslugi-prawne\/","name":"Us\u0142ugi prawne \u015bwiadczone przez firmy partnerskie | HLB Poland","isPartOf":{"@id":"https:\/\/hlb-poland.global\/#website"},"datePublished":"2018-12-13T09:47:59+00:00","dateModified":"2022-10-10T09:37:02+00:00","description":"W \u015brodowisku biznesowym, kt\u00f3re jest coraz bardziej globalne i skomplikowane, chc\u0105 mie\u0107 Pa\u0144stwo pewno\u015b\u0107, \u017ce udzielane porady b\u0119d\u0105 jak...","breadcrumb":{"@id":"https:\/\/hlb-poland.global\/pl\/uslugi\/uslugi-prawne\/#breadcrumb"},"inLanguage":"pl-PL","potentialAction":[{"@type":"ReadAction","target":["https:\/\/hlb-poland.global\/pl\/uslugi\/uslugi-prawne\/"]}]},{"@type":"BreadcrumbList","@id":"https:\/\/hlb-poland.global\/pl\/uslugi\/uslugi-prawne\/#breadcrumb","itemListElement":[{"@type":"ListItem","position":1,"name":"Strona g\u0142\u00f3wna","item":"https:\/\/hlb-poland.global\/pl\/"},{"@type":"ListItem","position":2,"name":"Us\u0142ugi \u015bwiadczone przez HLB Poland","item":"https:\/\/hlb-poland.global\/pl\/uslugi\/"},{"@type":"ListItem","position":3,"name":"Us\u0142ugi prawne \u015bwiadczone przez firmy partnerskie"}]},{"@type":"WebSite","@id":"https:\/\/hlb-poland.global\/#website","url":"https:\/\/hlb-poland.global\/","name":"HLB Poland","description":"Advisory and accounting","publisher":{"@id":"https:\/\/hlb-poland.global\/#organization"},"potentialAction":[{"@type":"SearchAction","target":{"@type":"EntryPoint","urlTemplate":"https:\/\/hlb-poland.global\/?s={search_term_string}"},"query-input":{"@type":"PropertyValueSpecification","valueRequired":true,"valueName":"search_term_string"}}],"inLanguage":"pl-PL"},{"@type":"Organization","@id":"https:\/\/hlb-poland.global\/#organization","name":"HLB Poland","url":"https:\/\/hlb-poland.global\/","logo":{"@type":"ImageObject","inLanguage":"pl-PL","@id":"https:\/\/hlb-poland.global\/#\/schema\/logo\/image\/","url":"https:\/\/hlb-poland.global\/wp-content\/uploads\/2025\/12\/hlb-poland-og-image.png","contentUrl":"https:\/\/hlb-poland.global\/wp-content\/uploads\/2025\/12\/hlb-poland-og-image.png","width":1200,"height":630,"caption":"HLB Poland"},"image":{"@id":"https:\/\/hlb-poland.global\/#\/schema\/logo\/image\/"},"sameAs":["https:\/\/www.facebook.com\/HLBPoland","https:\/\/www.linkedin.com\/company\/hlb-poland"]}]}},"_links":{"self":[{"href":"https:\/\/hlb-poland.global\/pl\/wp-json\/wp\/v2\/pages\/1934","targetHints":{"allow":["GET"]}}],"collection":[{"href":"https:\/\/hlb-poland.global\/pl\/wp-json\/wp\/v2\/pages"}],"about":[{"href":"https:\/\/hlb-poland.global\/pl\/wp-json\/wp\/v2\/types\/page"}],"author":[{"embeddable":true,"href":"https:\/\/hlb-poland.global\/pl\/wp-json\/wp\/v2\/users\/3"}],"replies":[{"embeddable":true,"href":"https:\/\/hlb-poland.global\/pl\/wp-json\/wp\/v2\/comments?post=1934"}],"version-history":[{"count":5,"href":"https:\/\/hlb-poland.global\/pl\/wp-json\/wp\/v2\/pages\/1934\/revisions"}],"predecessor-version":[{"id":11034,"href":"https:\/\/hlb-poland.global\/pl\/wp-json\/wp\/v2\/pages\/1934\/revisions\/11034"}],"up":[{"embeddable":true,"href":"https:\/\/hlb-poland.global\/pl\/wp-json\/wp\/v2\/pages\/1847"}],"wp:attachment":[{"href":"https:\/\/hlb-poland.global\/pl\/wp-json\/wp\/v2\/media?parent=1934"}],"curies":[{"name":"wp","href":"https:\/\/api.w.org\/{rel}","templated":true}]}}