
{"id":2347,"date":"2019-01-02T10:37:32","date_gmt":"2019-01-02T09:37:32","guid":{"rendered":"http:\/\/hlb-poland.global\/?page_id=2347"},"modified":"2022-07-04T09:55:59","modified_gmt":"2022-07-04T08:55:59","slug":"globalne-zobowiazanie","status":"publish","type":"page","link":"https:\/\/hlb-poland.global\/pl\/hlb\/globalne-zobowiazanie\/","title":{"rendered":"Globalne zobowi\u0105zanie"},"content":{"rendered":"<div class=\"row\">\n<div class=\"col-12 col-md-7 col-xl-7\">\n<p>Firmy cz\u0142onkowskie HLB s\u0105 g\u0142\u0119boko zaanga\u017cowane w dzia\u0142ania na rzecz spo\u0142eczno\u015bci i &#8222;zielonych&#8221; dzia\u0142aniach, kt\u00f3re oparte zar\u00f3wno na wysi\u0142kach wolontariuszy, jak i zbieraniu funduszy.<\/p>\n<ul>\n<li><strong>Pomagamy potrzebuj\u0105cym w:<\/strong>\n<ul class=\"global-commitment-list\">\n<li>\u017bywno\u015b\u0107, edukacja i opieka zdrowotna;<\/li>\n<li>Zapewnienie wsparcia potrzebuj\u0105cym w domach dziecka i hospicjach;<\/li>\n<li>Wsparcie dla bezdomnych;<\/li>\n<li>Szkolenie zawodowe dla bezrobotnych.<\/li>\n<\/ul>\n<\/li>\n<\/ul>\n<ul>\n<li><strong>Pomagamy chroni\u0107 \u015brodowisko poprzez:<\/strong>\n<ul class=\"global-commitment-list\">\n<li>Recykling;<\/li>\n<li>Odnawialn\u0105 energie;<\/li>\n<li>Ochron\u0119 przyrody.<\/li>\n<\/ul>\n<\/li>\n<\/ul>\n<ul>\n<li><strong>Pomagamy w rozwoju spo\u0142ecznym i gospodarczym:<\/strong>\n<ul class=\"global-commitment-list\">\n<li>Budowanie system\u00f3w nawadniania;<\/li>\n<li>Wdro\u017cenie e. s\u0142onecznej na obszarach pozbawionych e. elektrycznej;<\/li>\n<li>Tworzenie bibliotek w szko\u0142ach wiejskich.<\/li>\n<\/ul>\n<\/li>\n<\/ul>\n<ul>\n<li><strong>Wspieramy badania w zakresie zdrowia dotycz\u0105ce:<\/strong>\n<ul class=\"global-commitment-list\">\n<li>Raka;<\/li>\n<li>Rzadkich lub przewlek\u0142ych chor\u00f3b.<\/li>\n<\/ul>\n<\/li>\n<\/ul>\n<\/div>\n<div class=\"col-12 col-md-5 col-xl-5\"><img loading=\"lazy\" decoding=\"async\" class=\"img-fluid global-commitment-globe\" src=\"https:\/\/hlb-poland.global\/wp-content\/uploads\/2018\/10\/our-commitment-globe.jpg\" alt=\"Global Commitment\" width=\"1200\" height=\"1542\" \/><\/div>\n<\/div>\n<hr \/>\n<h3>R\u00f3\u017cnorodno\u015b\u0107 i integracja<\/h3>\n<p>Aby nasz biznes si\u0119 rozwija\u0142, potrzebujemy ludzi do rozwoju. W HLB wierzymy, \u017ce tworzenie r\u00f3\u017cnorodnych i integracyjnych \u015brodowisk przez wszystkie warstwy organizacji zwi\u0119ksza innowacyjno\u015b\u0107 i zaanga\u017cowanie pracownik\u00f3w. Naszym celem jest zapewnienie najlepszych mo\u017cliwo\u015bci naszym pracownikom oraz przyci\u0105gni\u0119cie i zatrzymanie najlepszych talent\u00f3w, aby ostatecznie lepiej obs\u0142ugiwa\u0107 naszych klient\u00f3w. Szanujemy r\u00f3\u017cnorodno\u015b\u0107 i w\u0142\u0105czenie poprzez:<\/p>\n<ul>\n<li>Anga\u017cowanie si\u0119 w rozmowy dotycz\u0105ce r\u00f3\u017cnorodno\u015bci i integracji;<\/li>\n<li>Bycie zwolennikiem elastyczno\u015bci w miejscu pracy;<\/li>\n<li>U\u0142atwianie program\u00f3w mobilno\u015bci talent\u00f3w dla naszych cz\u0142onk\u00f3w;<\/li>\n<li>Promowanie zachowa\u0144 przyw\u00f3dczych, kt\u00f3re sprzyjaj\u0105 r\u00f3\u017cnorodno\u015bci w miejscu pracy i integracji.<\/li>\n<\/ul>\n","protected":false},"excerpt":{"rendered":"<p>Firmy cz\u0142onkowskie HLB s\u0105 g\u0142\u0119boko zaanga\u017cowane w dzia\u0142ania na rzecz spo\u0142eczno\u015bci i &#8222;zielonych&#8221; dzia\u0142aniach, kt\u00f3re oparte zar\u00f3wno na wysi\u0142kach wolontariuszy,..<\/p>\n<div class=\"clear\"><\/div><a class=\"more-link\" href=\"https:\/\/hlb-poland.global\/pl\/hlb\/globalne-zobowiazanie\/\"> Dowiedz si\u0119 wi\u0119cej <\/a>","protected":false},"author":3,"featured_media":0,"parent":1845,"menu_order":0,"comment_status":"closed","ping_status":"closed","template":"","meta":{"_acf_changed":false,"footnotes":""},"class_list":["post-2347","page","type-page","status-publish","hentry"],"acf":[],"yoast_head":"<!-- This site is optimized with the Yoast SEO plugin v27.2 - https:\/\/yoast.com\/product\/yoast-seo-wordpress\/ -->\n<title>Globalne zobowi\u0105zanie | HLB Poland<\/title>\n<meta name=\"description\" content=\"Sie\u0107 HLB tworzy \u0142\u0105cznie 25 000 pracownik\u00f3w, kt\u00f3rzy obs\u0142uguj\u0105 klient\u00f3w ze 150 kraj\u00f3w na ca\u0142ym \u015bwiecie. To wiele spo\u0142eczno\u015bci, na kt\u00f3re mamy...\" \/>\n<meta name=\"robots\" content=\"index, follow, max-snippet:-1, max-image-preview:large, max-video-preview:-1\" \/>\n<link rel=\"canonical\" href=\"https:\/\/hlb-poland.global\/pl\/hlb\/globalne-zobowiazanie\/\" \/>\n<meta property=\"og:locale\" content=\"pl_PL\" \/>\n<meta property=\"og:type\" content=\"article\" \/>\n<meta property=\"og:title\" content=\"Globalne zobowi\u0105zanie | HLB Poland\" \/>\n<meta property=\"og:description\" content=\"Sie\u0107 HLB tworzy \u0142\u0105cznie 25 000 pracownik\u00f3w, kt\u00f3rzy obs\u0142uguj\u0105 klient\u00f3w ze 150 kraj\u00f3w na ca\u0142ym \u015bwiecie. To wiele spo\u0142eczno\u015bci, na kt\u00f3re mamy...\" \/>\n<meta property=\"og:url\" content=\"https:\/\/hlb-poland.global\/pl\/hlb\/globalne-zobowiazanie\/\" \/>\n<meta property=\"og:site_name\" content=\"HLB Poland\" \/>\n<meta property=\"article:publisher\" content=\"https:\/\/www.facebook.com\/HLBPoland\" \/>\n<meta property=\"article:modified_time\" content=\"2022-07-04T08:55:59+00:00\" \/>\n<meta property=\"og:image\" content=\"https:\/\/hlb-poland.global\/wp-content\/uploads\/2018\/10\/our-commitment-globe.jpg\" \/>\n<meta name=\"twitter:card\" content=\"summary_large_image\" \/>\n<meta name=\"twitter:label1\" content=\"Szacowany czas czytania\" \/>\n\t<meta name=\"twitter:data1\" content=\"1 minuta\" \/>\n<script type=\"application\/ld+json\" class=\"yoast-schema-graph\">{\"@context\":\"https:\/\/schema.org\",\"@graph\":[{\"@type\":\"WebPage\",\"@id\":\"https:\/\/hlb-poland.global\/pl\/hlb\/globalne-zobowiazanie\/\",\"url\":\"https:\/\/hlb-poland.global\/pl\/hlb\/globalne-zobowiazanie\/\",\"name\":\"Globalne zobowi\u0105zanie | HLB Poland\",\"isPartOf\":{\"@id\":\"https:\/\/hlb-poland.global\/#website\"},\"primaryImageOfPage\":{\"@id\":\"https:\/\/hlb-poland.global\/pl\/hlb\/globalne-zobowiazanie\/#primaryimage\"},\"image\":{\"@id\":\"https:\/\/hlb-poland.global\/pl\/hlb\/globalne-zobowiazanie\/#primaryimage\"},\"thumbnailUrl\":\"https:\/\/hlb-poland.global\/wp-content\/uploads\/2018\/10\/our-commitment-globe.jpg\",\"datePublished\":\"2019-01-02T09:37:32+00:00\",\"dateModified\":\"2022-07-04T08:55:59+00:00\",\"description\":\"Sie\u0107 HLB tworzy \u0142\u0105cznie 25 000 pracownik\u00f3w, kt\u00f3rzy obs\u0142uguj\u0105 klient\u00f3w ze 150 kraj\u00f3w na ca\u0142ym \u015bwiecie. To wiele spo\u0142eczno\u015bci, na kt\u00f3re mamy...\",\"breadcrumb\":{\"@id\":\"https:\/\/hlb-poland.global\/pl\/hlb\/globalne-zobowiazanie\/#breadcrumb\"},\"inLanguage\":\"pl-PL\",\"potentialAction\":[{\"@type\":\"ReadAction\",\"target\":[\"https:\/\/hlb-poland.global\/pl\/hlb\/globalne-zobowiazanie\/\"]}]},{\"@type\":\"ImageObject\",\"inLanguage\":\"pl-PL\",\"@id\":\"https:\/\/hlb-poland.global\/pl\/hlb\/globalne-zobowiazanie\/#primaryimage\",\"url\":\"https:\/\/hlb-poland.global\/wp-content\/uploads\/2018\/10\/our-commitment-globe.jpg\",\"contentUrl\":\"https:\/\/hlb-poland.global\/wp-content\/uploads\/2018\/10\/our-commitment-globe.jpg\"},{\"@type\":\"BreadcrumbList\",\"@id\":\"https:\/\/hlb-poland.global\/pl\/hlb\/globalne-zobowiazanie\/#breadcrumb\",\"itemListElement\":[{\"@type\":\"ListItem\",\"position\":1,\"name\":\"Strona g\u0142\u00f3wna\",\"item\":\"https:\/\/hlb-poland.global\/pl\/\"},{\"@type\":\"ListItem\",\"position\":2,\"name\":\"HLB Global &#8211; kim jeste\u015bmy\",\"item\":\"https:\/\/hlb-poland.global\/pl\/hlb\/\"},{\"@type\":\"ListItem\",\"position\":3,\"name\":\"Globalne zobowi\u0105zanie\"}]},{\"@type\":\"WebSite\",\"@id\":\"https:\/\/hlb-poland.global\/#website\",\"url\":\"https:\/\/hlb-poland.global\/\",\"name\":\"HLB Poland\",\"description\":\"Advisory and accounting\",\"publisher\":{\"@id\":\"https:\/\/hlb-poland.global\/#organization\"},\"potentialAction\":[{\"@type\":\"SearchAction\",\"target\":{\"@type\":\"EntryPoint\",\"urlTemplate\":\"https:\/\/hlb-poland.global\/?s={search_term_string}\"},\"query-input\":{\"@type\":\"PropertyValueSpecification\",\"valueRequired\":true,\"valueName\":\"search_term_string\"}}],\"inLanguage\":\"pl-PL\"},{\"@type\":\"Organization\",\"@id\":\"https:\/\/hlb-poland.global\/#organization\",\"name\":\"HLB Poland\",\"url\":\"https:\/\/hlb-poland.global\/\",\"logo\":{\"@type\":\"ImageObject\",\"inLanguage\":\"pl-PL\",\"@id\":\"https:\/\/hlb-poland.global\/#\/schema\/logo\/image\/\",\"url\":\"https:\/\/hlb-poland.global\/wp-content\/uploads\/2025\/12\/hlb-poland-og-image.png\",\"contentUrl\":\"https:\/\/hlb-poland.global\/wp-content\/uploads\/2025\/12\/hlb-poland-og-image.png\",\"width\":1200,\"height\":630,\"caption\":\"HLB Poland\"},\"image\":{\"@id\":\"https:\/\/hlb-poland.global\/#\/schema\/logo\/image\/\"},\"sameAs\":[\"https:\/\/www.facebook.com\/HLBPoland\",\"https:\/\/www.linkedin.com\/company\/hlb-poland\"]}]}<\/script>\n<!-- \/ Yoast SEO plugin. -->","yoast_head_json":{"title":"Globalne zobowi\u0105zanie | HLB Poland","description":"Sie\u0107 HLB tworzy \u0142\u0105cznie 25 000 pracownik\u00f3w, kt\u00f3rzy obs\u0142uguj\u0105 klient\u00f3w ze 150 kraj\u00f3w na ca\u0142ym \u015bwiecie. To wiele spo\u0142eczno\u015bci, na kt\u00f3re mamy...","robots":{"index":"index","follow":"follow","max-snippet":"max-snippet:-1","max-image-preview":"max-image-preview:large","max-video-preview":"max-video-preview:-1"},"canonical":"https:\/\/hlb-poland.global\/pl\/hlb\/globalne-zobowiazanie\/","og_locale":"pl_PL","og_type":"article","og_title":"Globalne zobowi\u0105zanie | HLB Poland","og_description":"Sie\u0107 HLB tworzy \u0142\u0105cznie 25 000 pracownik\u00f3w, kt\u00f3rzy obs\u0142uguj\u0105 klient\u00f3w ze 150 kraj\u00f3w na ca\u0142ym \u015bwiecie. To wiele spo\u0142eczno\u015bci, na kt\u00f3re mamy...","og_url":"https:\/\/hlb-poland.global\/pl\/hlb\/globalne-zobowiazanie\/","og_site_name":"HLB Poland","article_publisher":"https:\/\/www.facebook.com\/HLBPoland","article_modified_time":"2022-07-04T08:55:59+00:00","og_image":[{"url":"https:\/\/hlb-poland.global\/wp-content\/uploads\/2018\/10\/our-commitment-globe.jpg","type":"","width":"","height":""}],"twitter_card":"summary_large_image","twitter_misc":{"Szacowany czas czytania":"1 minuta"},"schema":{"@context":"https:\/\/schema.org","@graph":[{"@type":"WebPage","@id":"https:\/\/hlb-poland.global\/pl\/hlb\/globalne-zobowiazanie\/","url":"https:\/\/hlb-poland.global\/pl\/hlb\/globalne-zobowiazanie\/","name":"Globalne zobowi\u0105zanie | HLB Poland","isPartOf":{"@id":"https:\/\/hlb-poland.global\/#website"},"primaryImageOfPage":{"@id":"https:\/\/hlb-poland.global\/pl\/hlb\/globalne-zobowiazanie\/#primaryimage"},"image":{"@id":"https:\/\/hlb-poland.global\/pl\/hlb\/globalne-zobowiazanie\/#primaryimage"},"thumbnailUrl":"https:\/\/hlb-poland.global\/wp-content\/uploads\/2018\/10\/our-commitment-globe.jpg","datePublished":"2019-01-02T09:37:32+00:00","dateModified":"2022-07-04T08:55:59+00:00","description":"Sie\u0107 HLB tworzy \u0142\u0105cznie 25 000 pracownik\u00f3w, kt\u00f3rzy obs\u0142uguj\u0105 klient\u00f3w ze 150 kraj\u00f3w na ca\u0142ym \u015bwiecie. To wiele spo\u0142eczno\u015bci, na kt\u00f3re mamy...","breadcrumb":{"@id":"https:\/\/hlb-poland.global\/pl\/hlb\/globalne-zobowiazanie\/#breadcrumb"},"inLanguage":"pl-PL","potentialAction":[{"@type":"ReadAction","target":["https:\/\/hlb-poland.global\/pl\/hlb\/globalne-zobowiazanie\/"]}]},{"@type":"ImageObject","inLanguage":"pl-PL","@id":"https:\/\/hlb-poland.global\/pl\/hlb\/globalne-zobowiazanie\/#primaryimage","url":"https:\/\/hlb-poland.global\/wp-content\/uploads\/2018\/10\/our-commitment-globe.jpg","contentUrl":"https:\/\/hlb-poland.global\/wp-content\/uploads\/2018\/10\/our-commitment-globe.jpg"},{"@type":"BreadcrumbList","@id":"https:\/\/hlb-poland.global\/pl\/hlb\/globalne-zobowiazanie\/#breadcrumb","itemListElement":[{"@type":"ListItem","position":1,"name":"Strona g\u0142\u00f3wna","item":"https:\/\/hlb-poland.global\/pl\/"},{"@type":"ListItem","position":2,"name":"HLB Global &#8211; kim jeste\u015bmy","item":"https:\/\/hlb-poland.global\/pl\/hlb\/"},{"@type":"ListItem","position":3,"name":"Globalne zobowi\u0105zanie"}]},{"@type":"WebSite","@id":"https:\/\/hlb-poland.global\/#website","url":"https:\/\/hlb-poland.global\/","name":"HLB Poland","description":"Advisory and accounting","publisher":{"@id":"https:\/\/hlb-poland.global\/#organization"},"potentialAction":[{"@type":"SearchAction","target":{"@type":"EntryPoint","urlTemplate":"https:\/\/hlb-poland.global\/?s={search_term_string}"},"query-input":{"@type":"PropertyValueSpecification","valueRequired":true,"valueName":"search_term_string"}}],"inLanguage":"pl-PL"},{"@type":"Organization","@id":"https:\/\/hlb-poland.global\/#organization","name":"HLB Poland","url":"https:\/\/hlb-poland.global\/","logo":{"@type":"ImageObject","inLanguage":"pl-PL","@id":"https:\/\/hlb-poland.global\/#\/schema\/logo\/image\/","url":"https:\/\/hlb-poland.global\/wp-content\/uploads\/2025\/12\/hlb-poland-og-image.png","contentUrl":"https:\/\/hlb-poland.global\/wp-content\/uploads\/2025\/12\/hlb-poland-og-image.png","width":1200,"height":630,"caption":"HLB Poland"},"image":{"@id":"https:\/\/hlb-poland.global\/#\/schema\/logo\/image\/"},"sameAs":["https:\/\/www.facebook.com\/HLBPoland","https:\/\/www.linkedin.com\/company\/hlb-poland"]}]}},"_links":{"self":[{"href":"https:\/\/hlb-poland.global\/pl\/wp-json\/wp\/v2\/pages\/2347","targetHints":{"allow":["GET"]}}],"collection":[{"href":"https:\/\/hlb-poland.global\/pl\/wp-json\/wp\/v2\/pages"}],"about":[{"href":"https:\/\/hlb-poland.global\/pl\/wp-json\/wp\/v2\/types\/page"}],"author":[{"embeddable":true,"href":"https:\/\/hlb-poland.global\/pl\/wp-json\/wp\/v2\/users\/3"}],"replies":[{"embeddable":true,"href":"https:\/\/hlb-poland.global\/pl\/wp-json\/wp\/v2\/comments?post=2347"}],"version-history":[{"count":14,"href":"https:\/\/hlb-poland.global\/pl\/wp-json\/wp\/v2\/pages\/2347\/revisions"}],"predecessor-version":[{"id":10005,"href":"https:\/\/hlb-poland.global\/pl\/wp-json\/wp\/v2\/pages\/2347\/revisions\/10005"}],"up":[{"embeddable":true,"href":"https:\/\/hlb-poland.global\/pl\/wp-json\/wp\/v2\/pages\/1845"}],"wp:attachment":[{"href":"https:\/\/hlb-poland.global\/pl\/wp-json\/wp\/v2\/media?parent=2347"}],"curies":[{"name":"wp","href":"https:\/\/api.w.org\/{rel}","templated":true}]}}