
{"id":5216,"date":"2020-01-23T10:45:24","date_gmt":"2020-01-23T09:45:24","guid":{"rendered":"https:\/\/hlb-poland.global\/?page_id=5216"},"modified":"2023-07-20T12:59:21","modified_gmt":"2023-07-20T11:59:21","slug":"dolacz-do-hlb-poland","status":"publish","type":"page","link":"https:\/\/hlb-poland.global\/pl\/dolacz-do-hlb-poland\/","title":{"rendered":"Do\u0142\u0105cz do HLB Poland"},"content":{"rendered":"<h1 style=\"font-size: 2rem !important;\">Commitment to growth<\/h1>\n<p>At HLB, we\u2019re committed to the growth of our network and our member firms. Through the growth of our members, the HLB network grew by 15% in 2018. We provide members with regular access to industry experts, we help connect firms to compliment strengths and create value for clients, and we actively seek out new business for members by collaborating with external stakeholders such as governmental agencies, trade organisations, banks and other channels.<\/p>\n<p>We don\u2019t just make introductions and walk away; we are an active part of your business development process.<\/p>\n<hr \/>\n<h2>Focus on development<\/h2>\n<p>To ensure the success of our network and our members, we are always looking to evolve and develop. We understand that having the best talent working in your firm is what gives you a competitive edge. As a member of HLB, you have exclusive access to multiple training and development opportunities, ranging from an extensive e-learning platform to hands-on technical training on location.<\/p>\n<p>We aim to make smart use of modern technology and organise multiple international and regional HLB conferences throughout the year to connect with our members and share knowledge and best practices. Our Centres of Excellence platform matches and tracks the strengths and capabilities of our members and allows them to find each other, to share insights and collaborate on client projects.<\/p>\n<hr \/>\n<h2>We are HLB<\/h2>\n<div class=\"hlb-video\"><iframe loading=\"lazy\" src=\"https:\/\/www.youtube.com\/embed\/Xuo7vHbJvAg?rel=0&amp;controls=0&amp;showinfo=0\" width=\"100%\" height=\"100%\" frameborder=\"0\" allowfullscreen=\"allowfullscreen\"><\/iframe><\/div>\n<hr \/>\n<h2>HLB membership benefits<\/h2>\n<p>As a member of HLB, you will enjoy:<\/p>\n<ul>\n<li>Expanded client service capabilities through inter-network partnerships with some of the most respected firms in the world;<\/li>\n<li>The opportunity to win in-bound referrals from other HLB member firms;<\/li>\n<li>State of the art online collaboration tools for referral, proposal and project management;<\/li>\n<li>Extensive talent development opportunities both online and in-person \u2013 including international exchange program;<\/li>\n<li>Network wide referral business tracking;<\/li>\n<li>By having the business advisory, tax, audit and assurance resources of HLB members at your fingertips, you can help your clients achieve their organisational goals more effectively and efficiently, ensuring their loyalty and increasing referrals.<\/li>\n<\/ul>\n<div class=\"banner-get-in-touch\">\n<p class=\"banner-get-in-touch-message\">Get in touch to learn about<br \/>\nHLB Poland membership<\/p>\n<p><a class=\"button button-default\" title=\"Start the conversation\" href=\"https:\/\/hlb-poland.global\/pl\/kontakt\/\">Start the conversation<\/a><\/p>\n<\/div>\n","protected":false},"excerpt":{"rendered":"<p>Commitment to growth At HLB, we\u2019re committed to the growth of our network and our member firms. Through the growth..<\/p>\n<div class=\"clear\"><\/div><a class=\"more-link\" href=\"https:\/\/hlb-poland.global\/pl\/dolacz-do-hlb-poland\/\"> Dowiedz si\u0119 wi\u0119cej <\/a>","protected":false},"author":3,"featured_media":0,"parent":0,"menu_order":0,"comment_status":"closed","ping_status":"closed","template":"","meta":{"_acf_changed":false,"footnotes":""},"class_list":["post-5216","page","type-page","status-publish","hentry"],"acf":[],"yoast_head":"<!-- This site is optimized with the Yoast SEO plugin v27.2 - https:\/\/yoast.com\/product\/yoast-seo-wordpress\/ -->\n<title>Do\u0142\u0105cz do HLB Poland<\/title>\n<meta name=\"description\" content=\"HLB to globalna sie\u0107 niezale\u017cnych firm doradczo-ksi\u0119gowych. Mamy histori\u0119 innowacji, wsp\u00f3\u0142pracy i skupiamy si\u0119 na pomaganiu...\" \/>\n<meta name=\"robots\" content=\"index, follow, max-snippet:-1, max-image-preview:large, max-video-preview:-1\" \/>\n<link rel=\"canonical\" href=\"https:\/\/hlb-poland.global\/pl\/dolacz-do-hlb-poland\/\" \/>\n<meta property=\"og:locale\" content=\"pl_PL\" \/>\n<meta property=\"og:type\" content=\"article\" \/>\n<meta property=\"og:title\" content=\"Do\u0142\u0105cz do HLB Poland\" \/>\n<meta property=\"og:description\" content=\"HLB to globalna sie\u0107 niezale\u017cnych firm doradczo-ksi\u0119gowych. Mamy histori\u0119 innowacji, wsp\u00f3\u0142pracy i skupiamy si\u0119 na pomaganiu...\" \/>\n<meta property=\"og:url\" content=\"https:\/\/hlb-poland.global\/pl\/dolacz-do-hlb-poland\/\" \/>\n<meta property=\"og:site_name\" content=\"HLB Poland\" \/>\n<meta property=\"article:publisher\" content=\"https:\/\/www.facebook.com\/HLBPoland\" \/>\n<meta property=\"article:modified_time\" content=\"2023-07-20T11:59:21+00:00\" \/>\n<meta name=\"twitter:card\" content=\"summary_large_image\" \/>\n<meta name=\"twitter:label1\" content=\"Szacowany czas czytania\" \/>\n\t<meta name=\"twitter:data1\" content=\"2 minuty\" \/>\n<script type=\"application\/ld+json\" class=\"yoast-schema-graph\">{\"@context\":\"https:\/\/schema.org\",\"@graph\":[{\"@type\":\"WebPage\",\"@id\":\"https:\/\/hlb-poland.global\/pl\/dolacz-do-hlb-poland\/\",\"url\":\"https:\/\/hlb-poland.global\/pl\/dolacz-do-hlb-poland\/\",\"name\":\"Do\u0142\u0105cz do HLB Poland\",\"isPartOf\":{\"@id\":\"https:\/\/hlb-poland.global\/#website\"},\"datePublished\":\"2020-01-23T09:45:24+00:00\",\"dateModified\":\"2023-07-20T11:59:21+00:00\",\"description\":\"HLB to globalna sie\u0107 niezale\u017cnych firm doradczo-ksi\u0119gowych. Mamy histori\u0119 innowacji, wsp\u00f3\u0142pracy i skupiamy si\u0119 na pomaganiu...\",\"breadcrumb\":{\"@id\":\"https:\/\/hlb-poland.global\/pl\/dolacz-do-hlb-poland\/#breadcrumb\"},\"inLanguage\":\"pl-PL\",\"potentialAction\":[{\"@type\":\"ReadAction\",\"target\":[\"https:\/\/hlb-poland.global\/pl\/dolacz-do-hlb-poland\/\"]}]},{\"@type\":\"BreadcrumbList\",\"@id\":\"https:\/\/hlb-poland.global\/pl\/dolacz-do-hlb-poland\/#breadcrumb\",\"itemListElement\":[{\"@type\":\"ListItem\",\"position\":1,\"name\":\"Strona g\u0142\u00f3wna\",\"item\":\"https:\/\/hlb-poland.global\/pl\/\"},{\"@type\":\"ListItem\",\"position\":2,\"name\":\"Do\u0142\u0105cz do HLB Poland\"}]},{\"@type\":\"WebSite\",\"@id\":\"https:\/\/hlb-poland.global\/#website\",\"url\":\"https:\/\/hlb-poland.global\/\",\"name\":\"HLB Poland\",\"description\":\"Advisory and accounting\",\"publisher\":{\"@id\":\"https:\/\/hlb-poland.global\/#organization\"},\"potentialAction\":[{\"@type\":\"SearchAction\",\"target\":{\"@type\":\"EntryPoint\",\"urlTemplate\":\"https:\/\/hlb-poland.global\/?s={search_term_string}\"},\"query-input\":{\"@type\":\"PropertyValueSpecification\",\"valueRequired\":true,\"valueName\":\"search_term_string\"}}],\"inLanguage\":\"pl-PL\"},{\"@type\":\"Organization\",\"@id\":\"https:\/\/hlb-poland.global\/#organization\",\"name\":\"HLB Poland\",\"url\":\"https:\/\/hlb-poland.global\/\",\"logo\":{\"@type\":\"ImageObject\",\"inLanguage\":\"pl-PL\",\"@id\":\"https:\/\/hlb-poland.global\/#\/schema\/logo\/image\/\",\"url\":\"https:\/\/hlb-poland.global\/wp-content\/uploads\/2025\/12\/hlb-poland-og-image.png\",\"contentUrl\":\"https:\/\/hlb-poland.global\/wp-content\/uploads\/2025\/12\/hlb-poland-og-image.png\",\"width\":1200,\"height\":630,\"caption\":\"HLB Poland\"},\"image\":{\"@id\":\"https:\/\/hlb-poland.global\/#\/schema\/logo\/image\/\"},\"sameAs\":[\"https:\/\/www.facebook.com\/HLBPoland\",\"https:\/\/www.linkedin.com\/company\/hlb-poland\"]}]}<\/script>\n<!-- \/ Yoast SEO plugin. -->","yoast_head_json":{"title":"Do\u0142\u0105cz do HLB Poland","description":"HLB to globalna sie\u0107 niezale\u017cnych firm doradczo-ksi\u0119gowych. Mamy histori\u0119 innowacji, wsp\u00f3\u0142pracy i skupiamy si\u0119 na pomaganiu...","robots":{"index":"index","follow":"follow","max-snippet":"max-snippet:-1","max-image-preview":"max-image-preview:large","max-video-preview":"max-video-preview:-1"},"canonical":"https:\/\/hlb-poland.global\/pl\/dolacz-do-hlb-poland\/","og_locale":"pl_PL","og_type":"article","og_title":"Do\u0142\u0105cz do HLB Poland","og_description":"HLB to globalna sie\u0107 niezale\u017cnych firm doradczo-ksi\u0119gowych. Mamy histori\u0119 innowacji, wsp\u00f3\u0142pracy i skupiamy si\u0119 na pomaganiu...","og_url":"https:\/\/hlb-poland.global\/pl\/dolacz-do-hlb-poland\/","og_site_name":"HLB Poland","article_publisher":"https:\/\/www.facebook.com\/HLBPoland","article_modified_time":"2023-07-20T11:59:21+00:00","twitter_card":"summary_large_image","twitter_misc":{"Szacowany czas czytania":"2 minuty"},"schema":{"@context":"https:\/\/schema.org","@graph":[{"@type":"WebPage","@id":"https:\/\/hlb-poland.global\/pl\/dolacz-do-hlb-poland\/","url":"https:\/\/hlb-poland.global\/pl\/dolacz-do-hlb-poland\/","name":"Do\u0142\u0105cz do HLB Poland","isPartOf":{"@id":"https:\/\/hlb-poland.global\/#website"},"datePublished":"2020-01-23T09:45:24+00:00","dateModified":"2023-07-20T11:59:21+00:00","description":"HLB to globalna sie\u0107 niezale\u017cnych firm doradczo-ksi\u0119gowych. Mamy histori\u0119 innowacji, wsp\u00f3\u0142pracy i skupiamy si\u0119 na pomaganiu...","breadcrumb":{"@id":"https:\/\/hlb-poland.global\/pl\/dolacz-do-hlb-poland\/#breadcrumb"},"inLanguage":"pl-PL","potentialAction":[{"@type":"ReadAction","target":["https:\/\/hlb-poland.global\/pl\/dolacz-do-hlb-poland\/"]}]},{"@type":"BreadcrumbList","@id":"https:\/\/hlb-poland.global\/pl\/dolacz-do-hlb-poland\/#breadcrumb","itemListElement":[{"@type":"ListItem","position":1,"name":"Strona g\u0142\u00f3wna","item":"https:\/\/hlb-poland.global\/pl\/"},{"@type":"ListItem","position":2,"name":"Do\u0142\u0105cz do HLB Poland"}]},{"@type":"WebSite","@id":"https:\/\/hlb-poland.global\/#website","url":"https:\/\/hlb-poland.global\/","name":"HLB Poland","description":"Advisory and accounting","publisher":{"@id":"https:\/\/hlb-poland.global\/#organization"},"potentialAction":[{"@type":"SearchAction","target":{"@type":"EntryPoint","urlTemplate":"https:\/\/hlb-poland.global\/?s={search_term_string}"},"query-input":{"@type":"PropertyValueSpecification","valueRequired":true,"valueName":"search_term_string"}}],"inLanguage":"pl-PL"},{"@type":"Organization","@id":"https:\/\/hlb-poland.global\/#organization","name":"HLB Poland","url":"https:\/\/hlb-poland.global\/","logo":{"@type":"ImageObject","inLanguage":"pl-PL","@id":"https:\/\/hlb-poland.global\/#\/schema\/logo\/image\/","url":"https:\/\/hlb-poland.global\/wp-content\/uploads\/2025\/12\/hlb-poland-og-image.png","contentUrl":"https:\/\/hlb-poland.global\/wp-content\/uploads\/2025\/12\/hlb-poland-og-image.png","width":1200,"height":630,"caption":"HLB Poland"},"image":{"@id":"https:\/\/hlb-poland.global\/#\/schema\/logo\/image\/"},"sameAs":["https:\/\/www.facebook.com\/HLBPoland","https:\/\/www.linkedin.com\/company\/hlb-poland"]}]}},"_links":{"self":[{"href":"https:\/\/hlb-poland.global\/pl\/wp-json\/wp\/v2\/pages\/5216","targetHints":{"allow":["GET"]}}],"collection":[{"href":"https:\/\/hlb-poland.global\/pl\/wp-json\/wp\/v2\/pages"}],"about":[{"href":"https:\/\/hlb-poland.global\/pl\/wp-json\/wp\/v2\/types\/page"}],"author":[{"embeddable":true,"href":"https:\/\/hlb-poland.global\/pl\/wp-json\/wp\/v2\/users\/3"}],"replies":[{"embeddable":true,"href":"https:\/\/hlb-poland.global\/pl\/wp-json\/wp\/v2\/comments?post=5216"}],"version-history":[{"count":11,"href":"https:\/\/hlb-poland.global\/pl\/wp-json\/wp\/v2\/pages\/5216\/revisions"}],"predecessor-version":[{"id":13092,"href":"https:\/\/hlb-poland.global\/pl\/wp-json\/wp\/v2\/pages\/5216\/revisions\/13092"}],"wp:attachment":[{"href":"https:\/\/hlb-poland.global\/pl\/wp-json\/wp\/v2\/media?parent=5216"}],"curies":[{"name":"wp","href":"https:\/\/api.w.org\/{rel}","templated":true}]}}