
{"id":5227,"date":"2020-01-23T12:00:34","date_gmt":"2020-01-23T11:00:34","guid":{"rendered":"https:\/\/hlb-poland.global\/?page_id=5227"},"modified":"2022-06-23T12:10:50","modified_gmt":"2022-06-23T11:10:50","slug":"logowanie-dla-czlonkow","status":"publish","type":"page","link":"https:\/\/hlb-poland.global\/pl\/logowanie-dla-czlonkow\/","title":{"rendered":"Logowanie dla cz\u0142onk\u00f3w"},"content":{"rendered":"","protected":false},"excerpt":{"rendered":"<div class=\"clear\"><\/div><a class=\"more-link\" href=\"https:\/\/hlb-poland.global\/pl\/logowanie-dla-czlonkow\/\"> Dowiedz si\u0119 wi\u0119cej <\/a>","protected":false},"author":3,"featured_media":0,"parent":0,"menu_order":0,"comment_status":"closed","ping_status":"closed","template":"member-login.php","meta":{"_acf_changed":false,"footnotes":""},"class_list":["post-5227","page","type-page","status-publish","hentry"],"acf":[],"yoast_head":"<!-- This site is optimized with the Yoast SEO plugin v27.2 - https:\/\/yoast.com\/product\/yoast-seo-wordpress\/ -->\n<title>Logowanie dla cz\u0142onk\u00f3w | HLB Poland<\/title>\n<meta name=\"description\" content=\"HLB Poland Intranet. Logowanie dla cz\u0142onk\u00f3w lub pro\u015bba o dost\u0119p. Szanujemy Pa\u0144stwa prywatno\u015b\u0107. Pa\u0144stwa dane nie zostan\u0105 przekazane ani...\" \/>\n<meta name=\"robots\" content=\"index, follow, max-snippet:-1, max-image-preview:large, max-video-preview:-1\" \/>\n<link rel=\"canonical\" href=\"https:\/\/hlb-poland.global\/pl\/logowanie-dla-czlonkow\/\" \/>\n<meta property=\"og:locale\" content=\"pl_PL\" \/>\n<meta property=\"og:type\" content=\"article\" \/>\n<meta property=\"og:title\" content=\"Logowanie dla cz\u0142onk\u00f3w | HLB Poland\" \/>\n<meta property=\"og:description\" content=\"HLB Poland Intranet. Logowanie dla cz\u0142onk\u00f3w lub pro\u015bba o dost\u0119p. Szanujemy Pa\u0144stwa prywatno\u015b\u0107. Pa\u0144stwa dane nie zostan\u0105 przekazane ani...\" \/>\n<meta property=\"og:url\" content=\"https:\/\/hlb-poland.global\/pl\/logowanie-dla-czlonkow\/\" \/>\n<meta property=\"og:site_name\" content=\"HLB Poland\" \/>\n<meta property=\"article:publisher\" content=\"https:\/\/www.facebook.com\/HLBPoland\" \/>\n<meta property=\"article:modified_time\" content=\"2022-06-23T11:10:50+00:00\" \/>\n<meta name=\"twitter:card\" content=\"summary_large_image\" \/>\n<script type=\"application\/ld+json\" class=\"yoast-schema-graph\">{\"@context\":\"https:\/\/schema.org\",\"@graph\":[{\"@type\":\"WebPage\",\"@id\":\"https:\/\/hlb-poland.global\/pl\/logowanie-dla-czlonkow\/\",\"url\":\"https:\/\/hlb-poland.global\/pl\/logowanie-dla-czlonkow\/\",\"name\":\"Logowanie dla cz\u0142onk\u00f3w | HLB Poland\",\"isPartOf\":{\"@id\":\"https:\/\/hlb-poland.global\/#website\"},\"datePublished\":\"2020-01-23T11:00:34+00:00\",\"dateModified\":\"2022-06-23T11:10:50+00:00\",\"description\":\"HLB Poland Intranet. Logowanie dla cz\u0142onk\u00f3w lub pro\u015bba o dost\u0119p. Szanujemy Pa\u0144stwa prywatno\u015b\u0107. Pa\u0144stwa dane nie zostan\u0105 przekazane ani...\",\"breadcrumb\":{\"@id\":\"https:\/\/hlb-poland.global\/pl\/logowanie-dla-czlonkow\/#breadcrumb\"},\"inLanguage\":\"pl-PL\",\"potentialAction\":[{\"@type\":\"ReadAction\",\"target\":[\"https:\/\/hlb-poland.global\/pl\/logowanie-dla-czlonkow\/\"]}]},{\"@type\":\"BreadcrumbList\",\"@id\":\"https:\/\/hlb-poland.global\/pl\/logowanie-dla-czlonkow\/#breadcrumb\",\"itemListElement\":[{\"@type\":\"ListItem\",\"position\":1,\"name\":\"Strona g\u0142\u00f3wna\",\"item\":\"https:\/\/hlb-poland.global\/pl\/\"},{\"@type\":\"ListItem\",\"position\":2,\"name\":\"Logowanie dla cz\u0142onk\u00f3w\"}]},{\"@type\":\"WebSite\",\"@id\":\"https:\/\/hlb-poland.global\/#website\",\"url\":\"https:\/\/hlb-poland.global\/\",\"name\":\"HLB Poland\",\"description\":\"Advisory and accounting\",\"publisher\":{\"@id\":\"https:\/\/hlb-poland.global\/#organization\"},\"potentialAction\":[{\"@type\":\"SearchAction\",\"target\":{\"@type\":\"EntryPoint\",\"urlTemplate\":\"https:\/\/hlb-poland.global\/?s={search_term_string}\"},\"query-input\":{\"@type\":\"PropertyValueSpecification\",\"valueRequired\":true,\"valueName\":\"search_term_string\"}}],\"inLanguage\":\"pl-PL\"},{\"@type\":\"Organization\",\"@id\":\"https:\/\/hlb-poland.global\/#organization\",\"name\":\"HLB Poland\",\"url\":\"https:\/\/hlb-poland.global\/\",\"logo\":{\"@type\":\"ImageObject\",\"inLanguage\":\"pl-PL\",\"@id\":\"https:\/\/hlb-poland.global\/#\/schema\/logo\/image\/\",\"url\":\"https:\/\/hlb-poland.global\/wp-content\/uploads\/2025\/12\/hlb-poland-og-image.png\",\"contentUrl\":\"https:\/\/hlb-poland.global\/wp-content\/uploads\/2025\/12\/hlb-poland-og-image.png\",\"width\":1200,\"height\":630,\"caption\":\"HLB Poland\"},\"image\":{\"@id\":\"https:\/\/hlb-poland.global\/#\/schema\/logo\/image\/\"},\"sameAs\":[\"https:\/\/www.facebook.com\/HLBPoland\",\"https:\/\/www.linkedin.com\/company\/hlb-poland\"]}]}<\/script>\n<!-- \/ Yoast SEO plugin. -->","yoast_head_json":{"title":"Logowanie dla cz\u0142onk\u00f3w | HLB Poland","description":"HLB Poland Intranet. Logowanie dla cz\u0142onk\u00f3w lub pro\u015bba o dost\u0119p. Szanujemy Pa\u0144stwa prywatno\u015b\u0107. Pa\u0144stwa dane nie zostan\u0105 przekazane ani...","robots":{"index":"index","follow":"follow","max-snippet":"max-snippet:-1","max-image-preview":"max-image-preview:large","max-video-preview":"max-video-preview:-1"},"canonical":"https:\/\/hlb-poland.global\/pl\/logowanie-dla-czlonkow\/","og_locale":"pl_PL","og_type":"article","og_title":"Logowanie dla cz\u0142onk\u00f3w | HLB Poland","og_description":"HLB Poland Intranet. Logowanie dla cz\u0142onk\u00f3w lub pro\u015bba o dost\u0119p. Szanujemy Pa\u0144stwa prywatno\u015b\u0107. Pa\u0144stwa dane nie zostan\u0105 przekazane ani...","og_url":"https:\/\/hlb-poland.global\/pl\/logowanie-dla-czlonkow\/","og_site_name":"HLB Poland","article_publisher":"https:\/\/www.facebook.com\/HLBPoland","article_modified_time":"2022-06-23T11:10:50+00:00","twitter_card":"summary_large_image","schema":{"@context":"https:\/\/schema.org","@graph":[{"@type":"WebPage","@id":"https:\/\/hlb-poland.global\/pl\/logowanie-dla-czlonkow\/","url":"https:\/\/hlb-poland.global\/pl\/logowanie-dla-czlonkow\/","name":"Logowanie dla cz\u0142onk\u00f3w | HLB Poland","isPartOf":{"@id":"https:\/\/hlb-poland.global\/#website"},"datePublished":"2020-01-23T11:00:34+00:00","dateModified":"2022-06-23T11:10:50+00:00","description":"HLB Poland Intranet. Logowanie dla cz\u0142onk\u00f3w lub pro\u015bba o dost\u0119p. Szanujemy Pa\u0144stwa prywatno\u015b\u0107. Pa\u0144stwa dane nie zostan\u0105 przekazane ani...","breadcrumb":{"@id":"https:\/\/hlb-poland.global\/pl\/logowanie-dla-czlonkow\/#breadcrumb"},"inLanguage":"pl-PL","potentialAction":[{"@type":"ReadAction","target":["https:\/\/hlb-poland.global\/pl\/logowanie-dla-czlonkow\/"]}]},{"@type":"BreadcrumbList","@id":"https:\/\/hlb-poland.global\/pl\/logowanie-dla-czlonkow\/#breadcrumb","itemListElement":[{"@type":"ListItem","position":1,"name":"Strona g\u0142\u00f3wna","item":"https:\/\/hlb-poland.global\/pl\/"},{"@type":"ListItem","position":2,"name":"Logowanie dla cz\u0142onk\u00f3w"}]},{"@type":"WebSite","@id":"https:\/\/hlb-poland.global\/#website","url":"https:\/\/hlb-poland.global\/","name":"HLB Poland","description":"Advisory and accounting","publisher":{"@id":"https:\/\/hlb-poland.global\/#organization"},"potentialAction":[{"@type":"SearchAction","target":{"@type":"EntryPoint","urlTemplate":"https:\/\/hlb-poland.global\/?s={search_term_string}"},"query-input":{"@type":"PropertyValueSpecification","valueRequired":true,"valueName":"search_term_string"}}],"inLanguage":"pl-PL"},{"@type":"Organization","@id":"https:\/\/hlb-poland.global\/#organization","name":"HLB Poland","url":"https:\/\/hlb-poland.global\/","logo":{"@type":"ImageObject","inLanguage":"pl-PL","@id":"https:\/\/hlb-poland.global\/#\/schema\/logo\/image\/","url":"https:\/\/hlb-poland.global\/wp-content\/uploads\/2025\/12\/hlb-poland-og-image.png","contentUrl":"https:\/\/hlb-poland.global\/wp-content\/uploads\/2025\/12\/hlb-poland-og-image.png","width":1200,"height":630,"caption":"HLB Poland"},"image":{"@id":"https:\/\/hlb-poland.global\/#\/schema\/logo\/image\/"},"sameAs":["https:\/\/www.facebook.com\/HLBPoland","https:\/\/www.linkedin.com\/company\/hlb-poland"]}]}},"_links":{"self":[{"href":"https:\/\/hlb-poland.global\/pl\/wp-json\/wp\/v2\/pages\/5227","targetHints":{"allow":["GET"]}}],"collection":[{"href":"https:\/\/hlb-poland.global\/pl\/wp-json\/wp\/v2\/pages"}],"about":[{"href":"https:\/\/hlb-poland.global\/pl\/wp-json\/wp\/v2\/types\/page"}],"author":[{"embeddable":true,"href":"https:\/\/hlb-poland.global\/pl\/wp-json\/wp\/v2\/users\/3"}],"replies":[{"embeddable":true,"href":"https:\/\/hlb-poland.global\/pl\/wp-json\/wp\/v2\/comments?post=5227"}],"version-history":[{"count":2,"href":"https:\/\/hlb-poland.global\/pl\/wp-json\/wp\/v2\/pages\/5227\/revisions"}],"predecessor-version":[{"id":9276,"href":"https:\/\/hlb-poland.global\/pl\/wp-json\/wp\/v2\/pages\/5227\/revisions\/9276"}],"wp:attachment":[{"href":"https:\/\/hlb-poland.global\/pl\/wp-json\/wp\/v2\/media?parent=5227"}],"curies":[{"name":"wp","href":"https:\/\/api.w.org\/{rel}","templated":true}]}}