
{"id":8388,"date":"2021-09-16T10:42:07","date_gmt":"2021-09-16T09:42:07","guid":{"rendered":"https:\/\/hlb-poland.global\/?page_id=8388"},"modified":"2023-11-15T15:54:46","modified_gmt":"2023-11-15T14:54:46","slug":"zaloz-firme-we-francji","status":"publish","type":"page","link":"https:\/\/hlb-poland.global\/pl\/w-centrum-uwagi\/zaloz-firme-we-francji\/","title":{"rendered":"Za\u0142\u00f3\u017c firm\u0119 we Francji"},"content":{"rendered":"<h3>Obs\u0142uga polskich firm we Francji<\/h3>\n<div id=\"widget-contact-person\">\n<div>\n<p><span style=\"font-size: 16px; color: #005a77;\"><span style=\"font-weight: bold;\">Kontakt do naszego Polish Desk we Francji (prawnik, ksi\u0119gowo\u015b\u0107 i podatki Francja):<\/span><\/span><\/p>\n<div class=\"widget-contact-person-left\"><img decoding=\"async\" class=\"global-commitment-globe img-fluid\" src=\"https:\/\/hlb-poland.global\/wp-content\/uploads\/2021\/09\/agnieszka-p.jpg\" alt=\"Agnieszka\" \/><\/div>\n<div class=\"widget-contact-person-right\">\n<p><span style=\"font-weight: bold;\">AGNIESZKA<\/span><\/p>\n<p>Doradca podatkowy, specjalista ds. Mi\u0119dzynarodowego prawa podatkowego<\/p>\n<p><img decoding=\"async\" src=\"https:\/\/hlb-poland.global\/wp-content\/uploads\/2021\/09\/widget-contact-person-flags.png\" alt=\"Flags\" \/><\/p>\n<p><a href=\"https:\/\/hlb-poland.global\/pl\/kontakt\/\">Formularz kontaktowy \u00bb<\/a><\/p>\n<\/div>\n<\/div>\n<\/div>\n<p>Ekspansja firmy na kolejne kraje to zawsze du\u017ce wyzwanie. Z naszym wparciem nie b\u0119dzie ono stanowi\u0107 dla Pa\u0144stwa \u017cadnej przeszkody w dalszym rozwoju dzia\u0142alno\u015bci. Dzi\u0119ki indywidualnie dopasowanej ofercie us\u0142ug ksi\u0119gowych, podatkowych, prawnych i audytorskich umiej\u0119tnie poprowadzimy proces rejestracji Pa\u0144stwa firmy na terenie Francji \u2013 od wst\u0119pnej analizy cel\u00f3w i kierunk\u00f3w dzia\u0142alno\u015bci z perspektywy specyfiki lokalnego rynku, poprzez dope\u0142nienie wszelkich wymog\u00f3w formalnych, a\u017c po prowadzenie bie\u017c\u0105cej sprawozdawczo\u015bci podatkowej i ksi\u0119gowej, zgodnie z lokalnymi przepisami.<\/p>\n<p>Niezale\u017cnie od tego, jak ambitne s\u0105 Pa\u0144stwa cele, u nas znajd\u0105 Pa\u0144stwo odpowiednie wsparcie, aby je osi\u0105gn\u0105\u0107. Eksperci z\u202fHLB Poland\u202fdostarcz\u0105 Pa\u0144stwu niezb\u0119dnej, profesjonalnej wiedzy na ka\u017cdym etapie cyklu biznesowego. Prosimy o kontakt przez formularz kontaktowy na stronie dedykowanej dla przedsi\u0119biorc\u00f3w planuj\u0105cych rozwijanie dzia\u0142alno\u015bci we Francji. Znajdziecie tam Pa\u0144stwo wiele przydatnych informacji<\/p>\n<p><a class=\"button button-default\" title=\"Dowiedz si\u0119 wi\u0119cej\" href=\"https:\/\/getsix.pl\/nasze-rozwiazania\/inwestycje-zagraniczne-polish-desk\/firma-we-francji-kompleksowa-obsluga-prawna-i-ksiegowa\/\" target=\"_blank\" rel=\"noopener noreferrer\">Dowiedz si\u0119 wi\u0119cej<\/a><\/p>\n","protected":false},"excerpt":{"rendered":"<p>Obs\u0142uga polskich firm we Francji Kontakt do naszego Polish Desk we Francji (prawnik, ksi\u0119gowo\u015b\u0107 i podatki Francja): AGNIESZKA Doradca podatkowy,..<\/p>\n<div class=\"clear\"><\/div><a class=\"more-link\" href=\"https:\/\/hlb-poland.global\/pl\/w-centrum-uwagi\/zaloz-firme-we-francji\/\"> Dowiedz si\u0119 wi\u0119cej <\/a>","protected":false},"author":3,"featured_media":0,"parent":1849,"menu_order":0,"comment_status":"closed","ping_status":"closed","template":"","meta":{"_acf_changed":false,"footnotes":""},"class_list":["post-8388","page","type-page","status-publish","hentry"],"acf":[],"yoast_head":"<!-- This site is optimized with the Yoast SEO plugin v27.2 - https:\/\/yoast.com\/product\/yoast-seo-wordpress\/ -->\n<title>Za\u0142\u00f3\u017c firm\u0119 we Francji | HLB Poland<\/title>\n<meta name=\"description\" content=\"Pomagamy w rejestracji dzia\u0142alno\u015bci gospodarczej na terenie Francji. Szybko i sprawnie dope\u0142niamy wszelkich niezb\u0119dnych formalno\u015bci...\" \/>\n<meta name=\"robots\" content=\"index, follow, max-snippet:-1, max-image-preview:large, max-video-preview:-1\" \/>\n<link rel=\"canonical\" href=\"https:\/\/hlb-poland.global\/pl\/w-centrum-uwagi\/zaloz-firme-we-francji\/\" \/>\n<meta property=\"og:locale\" content=\"pl_PL\" \/>\n<meta property=\"og:type\" content=\"article\" \/>\n<meta property=\"og:title\" content=\"Za\u0142\u00f3\u017c firm\u0119 we Francji | HLB Poland\" \/>\n<meta property=\"og:description\" content=\"Pomagamy w rejestracji dzia\u0142alno\u015bci gospodarczej na terenie Francji. Szybko i sprawnie dope\u0142niamy wszelkich niezb\u0119dnych formalno\u015bci...\" \/>\n<meta property=\"og:url\" content=\"https:\/\/hlb-poland.global\/pl\/w-centrum-uwagi\/zaloz-firme-we-francji\/\" \/>\n<meta property=\"og:site_name\" content=\"HLB Poland\" \/>\n<meta property=\"article:publisher\" content=\"https:\/\/www.facebook.com\/HLBPoland\" \/>\n<meta property=\"article:modified_time\" content=\"2023-11-15T14:54:46+00:00\" \/>\n<meta property=\"og:image\" content=\"https:\/\/hlb-poland.global\/wp-content\/uploads\/2021\/09\/agnieszka-p.jpg\" \/>\n<meta name=\"twitter:card\" content=\"summary_large_image\" \/>\n<meta name=\"twitter:label1\" content=\"Szacowany czas czytania\" \/>\n\t<meta name=\"twitter:data1\" content=\"1 minuta\" \/>\n<script type=\"application\/ld+json\" class=\"yoast-schema-graph\">{\"@context\":\"https:\/\/schema.org\",\"@graph\":[{\"@type\":\"WebPage\",\"@id\":\"https:\/\/hlb-poland.global\/pl\/w-centrum-uwagi\/zaloz-firme-we-francji\/\",\"url\":\"https:\/\/hlb-poland.global\/pl\/w-centrum-uwagi\/zaloz-firme-we-francji\/\",\"name\":\"Za\u0142\u00f3\u017c firm\u0119 we Francji | HLB Poland\",\"isPartOf\":{\"@id\":\"https:\/\/hlb-poland.global\/#website\"},\"primaryImageOfPage\":{\"@id\":\"https:\/\/hlb-poland.global\/pl\/w-centrum-uwagi\/zaloz-firme-we-francji\/#primaryimage\"},\"image\":{\"@id\":\"https:\/\/hlb-poland.global\/pl\/w-centrum-uwagi\/zaloz-firme-we-francji\/#primaryimage\"},\"thumbnailUrl\":\"https:\/\/hlb-poland.global\/wp-content\/uploads\/2021\/09\/agnieszka-p.jpg\",\"datePublished\":\"2021-09-16T09:42:07+00:00\",\"dateModified\":\"2023-11-15T14:54:46+00:00\",\"description\":\"Pomagamy w rejestracji dzia\u0142alno\u015bci gospodarczej na terenie Francji. Szybko i sprawnie dope\u0142niamy wszelkich niezb\u0119dnych formalno\u015bci...\",\"breadcrumb\":{\"@id\":\"https:\/\/hlb-poland.global\/pl\/w-centrum-uwagi\/zaloz-firme-we-francji\/#breadcrumb\"},\"inLanguage\":\"pl-PL\",\"potentialAction\":[{\"@type\":\"ReadAction\",\"target\":[\"https:\/\/hlb-poland.global\/pl\/w-centrum-uwagi\/zaloz-firme-we-francji\/\"]}]},{\"@type\":\"ImageObject\",\"inLanguage\":\"pl-PL\",\"@id\":\"https:\/\/hlb-poland.global\/pl\/w-centrum-uwagi\/zaloz-firme-we-francji\/#primaryimage\",\"url\":\"https:\/\/hlb-poland.global\/wp-content\/uploads\/2021\/09\/agnieszka-p.jpg\",\"contentUrl\":\"https:\/\/hlb-poland.global\/wp-content\/uploads\/2021\/09\/agnieszka-p.jpg\"},{\"@type\":\"BreadcrumbList\",\"@id\":\"https:\/\/hlb-poland.global\/pl\/w-centrum-uwagi\/zaloz-firme-we-francji\/#breadcrumb\",\"itemListElement\":[{\"@type\":\"ListItem\",\"position\":1,\"name\":\"Strona g\u0142\u00f3wna\",\"item\":\"https:\/\/hlb-poland.global\/pl\/\"},{\"@type\":\"ListItem\",\"position\":2,\"name\":\"W centrum uwagi\",\"item\":\"https:\/\/hlb-poland.global\/pl\/w-centrum-uwagi\/\"},{\"@type\":\"ListItem\",\"position\":3,\"name\":\"Za\u0142\u00f3\u017c firm\u0119 we Francji\"}]},{\"@type\":\"WebSite\",\"@id\":\"https:\/\/hlb-poland.global\/#website\",\"url\":\"https:\/\/hlb-poland.global\/\",\"name\":\"HLB Poland\",\"description\":\"Advisory and accounting\",\"publisher\":{\"@id\":\"https:\/\/hlb-poland.global\/#organization\"},\"potentialAction\":[{\"@type\":\"SearchAction\",\"target\":{\"@type\":\"EntryPoint\",\"urlTemplate\":\"https:\/\/hlb-poland.global\/?s={search_term_string}\"},\"query-input\":{\"@type\":\"PropertyValueSpecification\",\"valueRequired\":true,\"valueName\":\"search_term_string\"}}],\"inLanguage\":\"pl-PL\"},{\"@type\":\"Organization\",\"@id\":\"https:\/\/hlb-poland.global\/#organization\",\"name\":\"HLB Poland\",\"url\":\"https:\/\/hlb-poland.global\/\",\"logo\":{\"@type\":\"ImageObject\",\"inLanguage\":\"pl-PL\",\"@id\":\"https:\/\/hlb-poland.global\/#\/schema\/logo\/image\/\",\"url\":\"https:\/\/hlb-poland.global\/wp-content\/uploads\/2025\/12\/hlb-poland-og-image.png\",\"contentUrl\":\"https:\/\/hlb-poland.global\/wp-content\/uploads\/2025\/12\/hlb-poland-og-image.png\",\"width\":1200,\"height\":630,\"caption\":\"HLB Poland\"},\"image\":{\"@id\":\"https:\/\/hlb-poland.global\/#\/schema\/logo\/image\/\"},\"sameAs\":[\"https:\/\/www.facebook.com\/HLBPoland\",\"https:\/\/www.linkedin.com\/company\/hlb-poland\"]}]}<\/script>\n<!-- \/ Yoast SEO plugin. -->","yoast_head_json":{"title":"Za\u0142\u00f3\u017c firm\u0119 we Francji | HLB Poland","description":"Pomagamy w rejestracji dzia\u0142alno\u015bci gospodarczej na terenie Francji. Szybko i sprawnie dope\u0142niamy wszelkich niezb\u0119dnych formalno\u015bci...","robots":{"index":"index","follow":"follow","max-snippet":"max-snippet:-1","max-image-preview":"max-image-preview:large","max-video-preview":"max-video-preview:-1"},"canonical":"https:\/\/hlb-poland.global\/pl\/w-centrum-uwagi\/zaloz-firme-we-francji\/","og_locale":"pl_PL","og_type":"article","og_title":"Za\u0142\u00f3\u017c firm\u0119 we Francji | HLB Poland","og_description":"Pomagamy w rejestracji dzia\u0142alno\u015bci gospodarczej na terenie Francji. Szybko i sprawnie dope\u0142niamy wszelkich niezb\u0119dnych formalno\u015bci...","og_url":"https:\/\/hlb-poland.global\/pl\/w-centrum-uwagi\/zaloz-firme-we-francji\/","og_site_name":"HLB Poland","article_publisher":"https:\/\/www.facebook.com\/HLBPoland","article_modified_time":"2023-11-15T14:54:46+00:00","og_image":[{"url":"https:\/\/hlb-poland.global\/wp-content\/uploads\/2021\/09\/agnieszka-p.jpg","type":"","width":"","height":""}],"twitter_card":"summary_large_image","twitter_misc":{"Szacowany czas czytania":"1 minuta"},"schema":{"@context":"https:\/\/schema.org","@graph":[{"@type":"WebPage","@id":"https:\/\/hlb-poland.global\/pl\/w-centrum-uwagi\/zaloz-firme-we-francji\/","url":"https:\/\/hlb-poland.global\/pl\/w-centrum-uwagi\/zaloz-firme-we-francji\/","name":"Za\u0142\u00f3\u017c firm\u0119 we Francji | HLB Poland","isPartOf":{"@id":"https:\/\/hlb-poland.global\/#website"},"primaryImageOfPage":{"@id":"https:\/\/hlb-poland.global\/pl\/w-centrum-uwagi\/zaloz-firme-we-francji\/#primaryimage"},"image":{"@id":"https:\/\/hlb-poland.global\/pl\/w-centrum-uwagi\/zaloz-firme-we-francji\/#primaryimage"},"thumbnailUrl":"https:\/\/hlb-poland.global\/wp-content\/uploads\/2021\/09\/agnieszka-p.jpg","datePublished":"2021-09-16T09:42:07+00:00","dateModified":"2023-11-15T14:54:46+00:00","description":"Pomagamy w rejestracji dzia\u0142alno\u015bci gospodarczej na terenie Francji. Szybko i sprawnie dope\u0142niamy wszelkich niezb\u0119dnych formalno\u015bci...","breadcrumb":{"@id":"https:\/\/hlb-poland.global\/pl\/w-centrum-uwagi\/zaloz-firme-we-francji\/#breadcrumb"},"inLanguage":"pl-PL","potentialAction":[{"@type":"ReadAction","target":["https:\/\/hlb-poland.global\/pl\/w-centrum-uwagi\/zaloz-firme-we-francji\/"]}]},{"@type":"ImageObject","inLanguage":"pl-PL","@id":"https:\/\/hlb-poland.global\/pl\/w-centrum-uwagi\/zaloz-firme-we-francji\/#primaryimage","url":"https:\/\/hlb-poland.global\/wp-content\/uploads\/2021\/09\/agnieszka-p.jpg","contentUrl":"https:\/\/hlb-poland.global\/wp-content\/uploads\/2021\/09\/agnieszka-p.jpg"},{"@type":"BreadcrumbList","@id":"https:\/\/hlb-poland.global\/pl\/w-centrum-uwagi\/zaloz-firme-we-francji\/#breadcrumb","itemListElement":[{"@type":"ListItem","position":1,"name":"Strona g\u0142\u00f3wna","item":"https:\/\/hlb-poland.global\/pl\/"},{"@type":"ListItem","position":2,"name":"W centrum uwagi","item":"https:\/\/hlb-poland.global\/pl\/w-centrum-uwagi\/"},{"@type":"ListItem","position":3,"name":"Za\u0142\u00f3\u017c firm\u0119 we Francji"}]},{"@type":"WebSite","@id":"https:\/\/hlb-poland.global\/#website","url":"https:\/\/hlb-poland.global\/","name":"HLB Poland","description":"Advisory and accounting","publisher":{"@id":"https:\/\/hlb-poland.global\/#organization"},"potentialAction":[{"@type":"SearchAction","target":{"@type":"EntryPoint","urlTemplate":"https:\/\/hlb-poland.global\/?s={search_term_string}"},"query-input":{"@type":"PropertyValueSpecification","valueRequired":true,"valueName":"search_term_string"}}],"inLanguage":"pl-PL"},{"@type":"Organization","@id":"https:\/\/hlb-poland.global\/#organization","name":"HLB Poland","url":"https:\/\/hlb-poland.global\/","logo":{"@type":"ImageObject","inLanguage":"pl-PL","@id":"https:\/\/hlb-poland.global\/#\/schema\/logo\/image\/","url":"https:\/\/hlb-poland.global\/wp-content\/uploads\/2025\/12\/hlb-poland-og-image.png","contentUrl":"https:\/\/hlb-poland.global\/wp-content\/uploads\/2025\/12\/hlb-poland-og-image.png","width":1200,"height":630,"caption":"HLB Poland"},"image":{"@id":"https:\/\/hlb-poland.global\/#\/schema\/logo\/image\/"},"sameAs":["https:\/\/www.facebook.com\/HLBPoland","https:\/\/www.linkedin.com\/company\/hlb-poland"]}]}},"_links":{"self":[{"href":"https:\/\/hlb-poland.global\/pl\/wp-json\/wp\/v2\/pages\/8388","targetHints":{"allow":["GET"]}}],"collection":[{"href":"https:\/\/hlb-poland.global\/pl\/wp-json\/wp\/v2\/pages"}],"about":[{"href":"https:\/\/hlb-poland.global\/pl\/wp-json\/wp\/v2\/types\/page"}],"author":[{"embeddable":true,"href":"https:\/\/hlb-poland.global\/pl\/wp-json\/wp\/v2\/users\/3"}],"replies":[{"embeddable":true,"href":"https:\/\/hlb-poland.global\/pl\/wp-json\/wp\/v2\/comments?post=8388"}],"version-history":[{"count":12,"href":"https:\/\/hlb-poland.global\/pl\/wp-json\/wp\/v2\/pages\/8388\/revisions"}],"predecessor-version":[{"id":13666,"href":"https:\/\/hlb-poland.global\/pl\/wp-json\/wp\/v2\/pages\/8388\/revisions\/13666"}],"up":[{"embeddable":true,"href":"https:\/\/hlb-poland.global\/pl\/wp-json\/wp\/v2\/pages\/1849"}],"wp:attachment":[{"href":"https:\/\/hlb-poland.global\/pl\/wp-json\/wp\/v2\/media?parent=8388"}],"curies":[{"name":"wp","href":"https:\/\/api.w.org\/{rel}","templated":true}]}}